{"id":98,"date":"2023-04-15T15:29:02","date_gmt":"2023-04-15T15:29:02","guid":{"rendered":"https:\/\/penpaintprompt.com\/?page_id=98"},"modified":"2023-06-10T23:03:24","modified_gmt":"2023-06-10T23:03:24","slug":"aviso-legal","status":"publish","type":"page","link":"https:\/\/penpaintprompt.com\/en\/aviso-legal\/","title":{"rendered":"Legal Notice"},"content":{"rendered":"<div data-elementor-type=\"wp-page\" data-elementor-id=\"98\" class=\"elementor elementor-98\">\n\t\t\t\t\t\t<section class=\"elementor-section elementor-top-section elementor-element elementor-element-3cf01842 elementor-section-boxed elementor-section-height-default elementor-section-height-default\" data-id=\"3cf01842\" data-element_type=\"section\">\n\t\t\t\t\t\t<div class=\"elementor-container elementor-column-gap-default\">\n\t\t\t\t\t<div class=\"elementor-column elementor-col-100 elementor-top-column elementor-element elementor-element-71a965\" data-id=\"71a965\" data-element_type=\"column\">\n\t\t\t<div class=\"elementor-widget-wrap elementor-element-populated\">\n\t\t\t\t\t\t<div class=\"elementor-element elementor-element-5e23ecae elementor-widget elementor-widget-heading\" data-id=\"5e23ecae\" data-element_type=\"widget\" data-widget_type=\"heading.default\">\n\t\t\t\t<div class=\"elementor-widget-container\">\n\t\t\t<style>\/*! elementor - v3.21.0 - 18-04-2024 *\/\n.elementor-heading-title{padding:0;margin:0;line-height:1}.elementor-widget-heading .elementor-heading-title[class*=elementor-size-]>a{color:inherit;font-size:inherit;line-height:inherit}.elementor-widget-heading .elementor-heading-title.elementor-size-small{font-size:15px}.elementor-widget-heading .elementor-heading-title.elementor-size-medium{font-size:19px}.elementor-widget-heading .elementor-heading-title.elementor-size-large{font-size:29px}.elementor-widget-heading .elementor-heading-title.elementor-size-xl{font-size:39px}.elementor-widget-heading .elementor-heading-title.elementor-size-xxl{font-size:59px}<\/style><h2 class=\"elementor-heading-title elementor-size-default\">Legal Notice<\/h2>\t\t<\/div>\n\t\t\t\t<\/div>\n\t\t\t\t<div class=\"elementor-element elementor-element-43e414e4 elementor-widget__width-initial elementor-widget elementor-widget-text-editor\" data-id=\"43e414e4\" data-element_type=\"widget\" data-widget_type=\"text-editor.default\">\n\t\t\t\t<div class=\"elementor-widget-container\">\n\t\t\t<style>\/*! elementor - v3.21.0 - 18-04-2024 *\/\n.elementor-widget-text-editor.elementor-drop-cap-view-stacked .elementor-drop-cap{background-color:#69727d;color:#fff}.elementor-widget-text-editor.elementor-drop-cap-view-framed .elementor-drop-cap{color:#69727d;border:3px solid;background-color:transparent}.elementor-widget-text-editor:not(.elementor-drop-cap-view-default) .elementor-drop-cap{margin-top:8px}.elementor-widget-text-editor:not(.elementor-drop-cap-view-default) .elementor-drop-cap-letter{width:1em;height:1em}.elementor-widget-text-editor .elementor-drop-cap{float:left;text-align:center;line-height:1;font-size:50px}.elementor-widget-text-editor .elementor-drop-cap-letter{display:inline-block}<\/style>\t\t\t\t<p><!-- wp:heading --><\/p>\n<p><!-- \/wp:heading --><\/p>\n<p><strong>1. OWNERSHIP:<\/strong><\/p>\n<p>In compliance with Law 34\/2002, of July 11, 2002, of Information Society Services and Electronic Commerce (LSSICE), users are informed that the ownership of this domain belongs to Ferran Farr\u00e9 de Febrer and Lucas Mart\u00edn Tres\u00e0nchez, hereinafter jointly as the OWNERS, with the following identification data:<\/p>\n<ul>\n<li><strong>Owners<\/strong>\u00a0 Ferran Farr\u00e9 de Febrer and Lucas Mart\u00edn Tres\u00e0nchez<\/li>\n<li><strong>Spanish ID:<\/strong>\u00a043224660R and 48039940R<\/li>\n<li><strong>Address:<\/strong>\u00a0 Av. Llu\u00eds Companys n\u00ba 11, 1-5, (08172-Sant Cugat del Vall\u00e8s), Rep\u00fablica Argentina 38-40 (08009 &#8211; Barcelona)<\/li>\n<li><strong>Email:<\/strong>\u00a0<a href=\"E-mail: hello@penpaintprompt.com\">hello@penpaintprompt.com<\/a><\/li>\n<li><strong>Website:<\/strong>\u00a0 <a href=\"https:\/\/penpaintprompt.com\/en\/\">https:\/\/penpaintprompt.com<\/a><\/li>\n<\/ul>\n<p><strong>2. CONDITIONS OF USE:<\/strong><\/p>\n<p>The purpose of these conditions of use of the website, www.penpaintprompt.com, is to regulate the provision and access free of charge to the general public, and to lawyers interested enough in the intersection between IA and intellectual property to read our blog, of any articles and information that may be of interest to users.<\/p>\n<p>Any person accessing this website assumes the role of user, committing to the observance and strict compliance with the provisions herein, as well as any other legal provision that may be applicable, and implies full acceptance of all clauses and conditions of use included in the pages:<\/p>\n<ul>\n<li><a href=\"https:\/\/penpaintprompt.com\/en\/aviso-legal\/\">Legal Notice<\/a><\/li>\n<li><a href=\"https:\/\/penpaintprompt.com\/en\/politica-privacidad\/\">Privacy Policy<\/a><\/li>\n<li><a href=\"https:\/\/penpaintprompt.com\/en\/politica-de-cookies\/\">Cookie Policy<\/a><\/li>\n<\/ul>\n<p>The OWNERS reserve the right to modify any type of information that may appear on the website, without any obligation to give prior notice or inform users of such obligations, being understood as sufficient with the publication on the website.<\/p>\n<p><strong>3. INTELLECTUAL AND INDUSTRIAL PROPERTY RIGHTS<\/strong><\/p>\n<p>The website, including but not limited to programming, editing, compilation and other elements necessary for its operation, designs, logos, text and \/ or graphics, are the property of the OWNERS or, where appropriate, they have a license to use by the respective authors.<\/p>\n<p>The texts and images published in this work are subject to a Creative Commons Attribution-NonCommercial-NoDerivatives (BY-NC-ND) v.3.0 license. You may copy, distribute and transmit the work publicly provided that you cite the author and source (Pen Paint Prompt), make no commercial use or derivative works. The full license is available at:\u00a0<a href=\"https:\/\/creativecommons.org\/licenses\/by-nc-nd\/3.0\/es\/deed.en\" target=\"_blank\" rel=\"noreferrer noopener\">http:\/\/creativecommons.org\/licenses\/by-nc-nd\/3.0\/es\/legalcode.es.<\/a><\/p>\n<p>We do reserve in the broadest possible terms the sacrosanct right to change our mind.<\/p>\n<p>The OWNERS recognize in favor of third party owners the corresponding intellectual and industrial property rights, and their mere mention or appearance on the website does not imply the existence of any rights or liability whatsoever over them, nor any endorsement, sponsorship or recommendation by the same.<\/p>\n<p>To make any comments regarding possible breaches of the rights of intellectual or industrial property, as well as any of the contents of the website, you can do so via email: <a href=\"E-mail: hello@penpaintprompt.com\">hello@penpaintprompt.com<\/a>.<\/p>\n<p><strong>4. EXENCI\u00d3N DE RESPONSABILIDAD<\/strong><\/p>\n<p>The OWNERS maintain this website for fun so we do not guarantee the absence of interruptions or errors in access to the website or its contents, nor that it is free of viruses or any other element that may cause alterations in the user's computer system. The OWNERS will do, whenever possible and that the tasks are not difficult to perform, everything necessary to restore communications and correct errors as soon as it becomes aware of errors, disconnections or failure to update the content.<\/p>\n<p>The OWNERS are not responsible for any damages that may arise from interference, omissions, interruptions, computer viruses, faults and \/ or disconnections in the operation of this electronic system or in the devices and computer equipment of users, caused by reasons beyond their control, that prevent or delay the provision of services or web browsing, or delays or blockages in the use caused by deficiencies or overloading of the Internet or other electronic systems, or the inability to provide the service or allow access for reasons not attributable to the OWNERS, due to the user, third parties, or force majeure.<\/p>\n<p>In the event that at any time there is an error in the information published on the website, it will be corrected immediately.<\/p>\n<p><strong>5.USE OF COOKIES<\/strong><\/p>\n<p>You can access all the information related to the policy of collection and treatment of cookies in our <a href=\"https:\/\/penpaintprompt.com\/en\/politica-de-cookies\/\">Cookie Policy<\/a>.<\/p>\n<p><strong>6. LINKING POLICY:<\/strong><\/p>\n<p>Desde el sitio web es posible que se redirija a contenidos de terceros sitios web. Dado que los TITULARES no pueden controlar siempre los contenidos introducidos por los terceros en sus respectivos sitios web, no asumen ning\u00fan tipo de responsabilidad respecto a dichos contenidos. En todo caso, proceder\u00e1n a la retirada inmediata de cualquier contenido que pudiera contravenir la legislaci\u00f3n nacional o internacional, la moral o el orden p\u00fablico, procediendo a la retirada inmediata de la redirecci\u00f3n a dicho sitio web, poniendo en conocimiento de las autoridades competentes el contenido en cuesti\u00f3n.<\/p>\n<p>The OWNERS are not responsible for the information and content stored on the website. However, and in compliance with the provisions of Articles 11 and 16 of the LSSICE, is available to all users, authorities and security forces, actively collaborating in the removal or, where appropriate, blocking of all content that may affect or contravene national or international law, the rights of third parties or morality and public order. In the event that the user considers that there is any content on the website that could be susceptible to this classification, please notify the website administrator immediately.<\/p>\n<p>The introduction of hyperlinks for advertising or commercial purposes is expressly prohibited.<\/p>\n<p><strong>7. DATA PROTECTION<\/strong><\/p>\n<p>The user may send the OWNERS their personal data through the various forms for this purpose are incorporated into the Web page. These forms incorporate the corresponding privacy policy where you will be informed of the processing of your personal data, the purposes of processing, how to exercise their rights, etc.<\/p>\n<p>The data controller will protect the personal data of users and use them only to the extent permitted by law, as explained in our <a href=\"https:\/\/penpaintprompt.com\/en\/politica-privacidad\/\">Privacy Policy<\/a>.<\/p>\n<p><strong>8. APPLICABLE LAW<\/strong><\/p>\n<p>The applicable law in case of dispute or conflict of interpretation of the terms that make up the legal texts, as well as any matter related to the services of this website, shall be Spanish law.<\/p>\n<p><em>Last update: 05\/05\/202<\/em>3<\/p>\n<p><!-- \/wp:paragraph --><\/p>\n<p><!-- wp:heading --><\/p>\n<p><!-- \/wp:paragraph --><\/p>\t\t\t\t\t\t<\/div>\n\t\t\t\t<\/div>\n\t\t\t\t\t<\/div>\n\t\t<\/div>\n\t\t\t\t\t<\/div>\n\t\t<\/section>\n\t\t\t\t<\/div>","protected":false},"excerpt":{"rendered":"<p>Aviso Legal 1.TITULARIDAD: En cumplimiento de la Ley 34\/2002, de 11 de julio, de Servicios de la Sociedad de la Informaci\u00f3n y del Comercio Electr\u00f3nico (LSSICE), se informa a los usuarios que la titularidad de este dominio pertenece a Ferran Farr\u00e9 de Febrer y Lucas Mart\u00edn Tres\u00e0nchez, en adelante conjuntamente como los TITULARES, con los [&hellip;]<\/p>","protected":false},"author":1,"featured_media":0,"parent":0,"menu_order":0,"comment_status":"closed","ping_status":"closed","template":"","meta":{"_genesis_hide_title":true,"_genesis_hide_breadcrumbs":false,"_genesis_hide_singular_image":false,"_genesis_hide_footer_widgets":false,"_genesis_custom_body_class":"","_genesis_custom_post_class":"","_genesis_layout":"","footnotes":""},"yoast_head":"<!-- This site is optimized with the Yoast SEO plugin v20.11 - https:\/\/yoast.com\/wordpress\/plugins\/seo\/ -->\n<title>Aviso Legal - Pen Paint Prompt<\/title>\n<meta name=\"robots\" content=\"noindex, follow\" \/>\n<meta property=\"og:locale\" content=\"en_US\" \/>\n<meta property=\"og:type\" content=\"article\" \/>\n<meta property=\"og:title\" content=\"Aviso Legal - Pen Paint Prompt\" \/>\n<meta property=\"og:description\" content=\"Aviso Legal 1.TITULARIDAD: En cumplimiento de la Ley 34\/2002, de 11 de julio, de Servicios de la Sociedad de la Informaci\u00f3n y del Comercio Electr\u00f3nico (LSSICE), se informa a los usuarios que la titularidad de este dominio pertenece a Ferran Farr\u00e9 de Febrer y Lucas Mart\u00edn Tres\u00e0nchez, en adelante conjuntamente como los TITULARES, con los [&hellip;]\" \/>\n<meta property=\"og:url\" content=\"https:\/\/penpaintprompt.com\/en\/aviso-legal\/\" \/>\n<meta property=\"og:site_name\" content=\"Pen Paint Prompt\" \/>\n<meta property=\"article:modified_time\" content=\"2023-06-10T23:03:24+00:00\" \/>\n<meta name=\"twitter:card\" content=\"summary_large_image\" \/>\n<meta name=\"twitter:label1\" content=\"Est. reading time\" \/>\n\t<meta name=\"twitter:data1\" content=\"6 minutes\" \/>\n<script type=\"application\/ld+json\" class=\"yoast-schema-graph\">{\"@context\":\"https:\/\/schema.org\",\"@graph\":[{\"@type\":\"WebPage\",\"@id\":\"https:\/\/penpaintprompt.com\/aviso-legal\/\",\"url\":\"https:\/\/penpaintprompt.com\/aviso-legal\/\",\"name\":\"Aviso Legal - Pen Paint Prompt\",\"isPartOf\":{\"@id\":\"https:\/\/penpaintprompt.com\/#website\"},\"datePublished\":\"2023-04-15T15:29:02+00:00\",\"dateModified\":\"2023-06-10T23:03:24+00:00\",\"breadcrumb\":{\"@id\":\"https:\/\/penpaintprompt.com\/aviso-legal\/#breadcrumb\"},\"inLanguage\":\"en-US\",\"potentialAction\":[{\"@type\":\"ReadAction\",\"target\":[\"https:\/\/penpaintprompt.com\/aviso-legal\/\"]}]},{\"@type\":\"BreadcrumbList\",\"@id\":\"https:\/\/penpaintprompt.com\/aviso-legal\/#breadcrumb\",\"itemListElement\":[{\"@type\":\"ListItem\",\"position\":1,\"name\":\"Portada\",\"item\":\"https:\/\/penpaintprompt.com\/\"},{\"@type\":\"ListItem\",\"position\":2,\"name\":\"Aviso Legal\"}]},{\"@type\":\"WebSite\",\"@id\":\"https:\/\/penpaintprompt.com\/#website\",\"url\":\"https:\/\/penpaintprompt.com\/\",\"name\":\"Pen Paint Prompt\",\"description\":\"\",\"publisher\":{\"@id\":\"https:\/\/penpaintprompt.com\/#organization\"},\"potentialAction\":[{\"@type\":\"SearchAction\",\"target\":{\"@type\":\"EntryPoint\",\"urlTemplate\":\"https:\/\/penpaintprompt.com\/?s={search_term_string}\"},\"query-input\":\"required name=search_term_string\"}],\"inLanguage\":\"en-US\"},{\"@type\":\"Organization\",\"@id\":\"https:\/\/penpaintprompt.com\/#organization\",\"name\":\"Pen Paint Prompt\",\"url\":\"https:\/\/penpaintprompt.com\/\",\"logo\":{\"@type\":\"ImageObject\",\"inLanguage\":\"en-US\",\"@id\":\"https:\/\/penpaintprompt.com\/#\/schema\/logo\/image\/\",\"url\":\"https:\/\/penpaintprompt.com\/wp-content\/uploads\/2023\/04\/cropped-output-onlinepngtools.png\",\"contentUrl\":\"https:\/\/penpaintprompt.com\/wp-content\/uploads\/2023\/04\/cropped-output-onlinepngtools.png\",\"width\":846,\"height\":542,\"caption\":\"Pen Paint Prompt\"},\"image\":{\"@id\":\"https:\/\/penpaintprompt.com\/#\/schema\/logo\/image\/\"}}]}<\/script>\n<!-- \/ Yoast SEO plugin. -->","yoast_head_json":{"title":"Aviso Legal - Pen Paint Prompt","robots":{"index":"noindex","follow":"follow"},"og_locale":"en_US","og_type":"article","og_title":"Aviso Legal - Pen Paint Prompt","og_description":"Aviso Legal 1.TITULARIDAD: En cumplimiento de la Ley 34\/2002, de 11 de julio, de Servicios de la Sociedad de la Informaci\u00f3n y del Comercio Electr\u00f3nico (LSSICE), se informa a los usuarios que la titularidad de este dominio pertenece a Ferran Farr\u00e9 de Febrer y Lucas Mart\u00edn Tres\u00e0nchez, en adelante conjuntamente como los TITULARES, con los [&hellip;]","og_url":"https:\/\/penpaintprompt.com\/en\/aviso-legal\/","og_site_name":"Pen Paint Prompt","article_modified_time":"2023-06-10T23:03:24+00:00","twitter_card":"summary_large_image","twitter_misc":{"Est. reading time":"6 minutes"},"schema":{"@context":"https:\/\/schema.org","@graph":[{"@type":"WebPage","@id":"https:\/\/penpaintprompt.com\/aviso-legal\/","url":"https:\/\/penpaintprompt.com\/aviso-legal\/","name":"Aviso Legal - Pen Paint Prompt","isPartOf":{"@id":"https:\/\/penpaintprompt.com\/#website"},"datePublished":"2023-04-15T15:29:02+00:00","dateModified":"2023-06-10T23:03:24+00:00","breadcrumb":{"@id":"https:\/\/penpaintprompt.com\/aviso-legal\/#breadcrumb"},"inLanguage":"en-US","potentialAction":[{"@type":"ReadAction","target":["https:\/\/penpaintprompt.com\/aviso-legal\/"]}]},{"@type":"BreadcrumbList","@id":"https:\/\/penpaintprompt.com\/aviso-legal\/#breadcrumb","itemListElement":[{"@type":"ListItem","position":1,"name":"Portada","item":"https:\/\/penpaintprompt.com\/"},{"@type":"ListItem","position":2,"name":"Aviso Legal"}]},{"@type":"WebSite","@id":"https:\/\/penpaintprompt.com\/#website","url":"https:\/\/penpaintprompt.com\/","name":"Pen Paint Prompt","description":"","publisher":{"@id":"https:\/\/penpaintprompt.com\/#organization"},"potentialAction":[{"@type":"SearchAction","target":{"@type":"EntryPoint","urlTemplate":"https:\/\/penpaintprompt.com\/?s={search_term_string}"},"query-input":"required name=search_term_string"}],"inLanguage":"en-US"},{"@type":"Organization","@id":"https:\/\/penpaintprompt.com\/#organization","name":"Pen Paint Prompt","url":"https:\/\/penpaintprompt.com\/","logo":{"@type":"ImageObject","inLanguage":"en-US","@id":"https:\/\/penpaintprompt.com\/#\/schema\/logo\/image\/","url":"https:\/\/penpaintprompt.com\/wp-content\/uploads\/2023\/04\/cropped-output-onlinepngtools.png","contentUrl":"https:\/\/penpaintprompt.com\/wp-content\/uploads\/2023\/04\/cropped-output-onlinepngtools.png","width":846,"height":542,"caption":"Pen Paint Prompt"},"image":{"@id":"https:\/\/penpaintprompt.com\/#\/schema\/logo\/image\/"}}]}},"rttpg_featured_image_url":null,"rttpg_author":{"display_name":"Pen Paint Prompt","author_link":"https:\/\/penpaintprompt.com\/en\/author\/penpaintprompt\/"},"rttpg_comment":0,"rttpg_category":null,"rttpg_excerpt":"Aviso Legal 1.TITULARIDAD: En cumplimiento de la Ley 34\/2002, de 11 de julio, de Servicios de la Sociedad de la Informaci\u00f3n y del Comercio Electr\u00f3nico (LSSICE), se informa a los usuarios que la titularidad de este dominio pertenece a Ferran Farr\u00e9 de Febrer y Lucas Mart\u00edn Tres\u00e0nchez, en adelante conjuntamente como los TITULARES, con los&hellip;","_links":{"self":[{"href":"https:\/\/penpaintprompt.com\/en\/wp-json\/wp\/v2\/pages\/98"}],"collection":[{"href":"https:\/\/penpaintprompt.com\/en\/wp-json\/wp\/v2\/pages"}],"about":[{"href":"https:\/\/penpaintprompt.com\/en\/wp-json\/wp\/v2\/types\/page"}],"author":[{"embeddable":true,"href":"https:\/\/penpaintprompt.com\/en\/wp-json\/wp\/v2\/users\/1"}],"replies":[{"embeddable":true,"href":"https:\/\/penpaintprompt.com\/en\/wp-json\/wp\/v2\/comments?post=98"}],"version-history":[{"count":23,"href":"https:\/\/penpaintprompt.com\/en\/wp-json\/wp\/v2\/pages\/98\/revisions"}],"predecessor-version":[{"id":935,"href":"https:\/\/penpaintprompt.com\/en\/wp-json\/wp\/v2\/pages\/98\/revisions\/935"}],"wp:attachment":[{"href":"https:\/\/penpaintprompt.com\/en\/wp-json\/wp\/v2\/media?parent=98"}],"curies":[{"name":"wp","href":"https:\/\/api.w.org\/{rel}","templated":true}]}}