{"id":565,"date":"2023-05-28T18:08:59","date_gmt":"2023-05-28T18:08:59","guid":{"rendered":"https:\/\/penpaintprompt.com\/?page_id=565"},"modified":"2023-06-11T14:48:39","modified_gmt":"2023-06-11T14:48:39","slug":"recursos","status":"publish","type":"page","link":"https:\/\/penpaintprompt.com\/en\/recursos\/","title":{"rendered":"RESOURCES"},"content":{"rendered":"<div data-elementor-type=\"wp-page\" data-elementor-id=\"565\" class=\"elementor elementor-565\">\n\t\t\t\t\t\t<section class=\"elementor-section elementor-top-section elementor-element elementor-element-1d7e97cb elementor-section-boxed elementor-section-height-default elementor-section-height-default\" data-id=\"1d7e97cb\" data-element_type=\"section\">\n\t\t\t\t\t\t<div class=\"elementor-container elementor-column-gap-default\">\n\t\t\t\t\t<div class=\"elementor-column elementor-col-100 elementor-top-column elementor-element elementor-element-7963ab43\" data-id=\"7963ab43\" data-element_type=\"column\">\n\t\t\t<div class=\"elementor-widget-wrap elementor-element-populated\">\n\t\t\t\t\t\t<div class=\"elementor-element elementor-element-2202584d elementor-widget elementor-widget-heading\" data-id=\"2202584d\" data-element_type=\"widget\" data-widget_type=\"heading.default\">\n\t\t\t\t<div class=\"elementor-widget-container\">\n\t\t\t<style>\/*! elementor - v3.21.0 - 18-04-2024 *\/\n.elementor-heading-title{padding:0;margin:0;line-height:1}.elementor-widget-heading .elementor-heading-title[class*=elementor-size-]>a{color:inherit;font-size:inherit;line-height:inherit}.elementor-widget-heading .elementor-heading-title.elementor-size-small{font-size:15px}.elementor-widget-heading .elementor-heading-title.elementor-size-medium{font-size:19px}.elementor-widget-heading .elementor-heading-title.elementor-size-large{font-size:29px}.elementor-widget-heading .elementor-heading-title.elementor-size-xl{font-size:39px}.elementor-widget-heading .elementor-heading-title.elementor-size-xxl{font-size:59px}<\/style><h2 class=\"elementor-heading-title elementor-size-default\">Legal Resources<\/h2>\t\t<\/div>\n\t\t\t\t<\/div>\n\t\t\t\t<div class=\"elementor-element elementor-element-6f90e082 elementor-widget__width-initial elementor-widget elementor-widget-text-editor\" data-id=\"6f90e082\" data-element_type=\"widget\" data-widget_type=\"text-editor.default\">\n\t\t\t\t<div class=\"elementor-widget-container\">\n\t\t\t<style>\/*! elementor - v3.21.0 - 18-04-2024 *\/\n.elementor-widget-text-editor.elementor-drop-cap-view-stacked .elementor-drop-cap{background-color:#69727d;color:#fff}.elementor-widget-text-editor.elementor-drop-cap-view-framed .elementor-drop-cap{color:#69727d;border:3px solid;background-color:transparent}.elementor-widget-text-editor:not(.elementor-drop-cap-view-default) .elementor-drop-cap{margin-top:8px}.elementor-widget-text-editor:not(.elementor-drop-cap-view-default) .elementor-drop-cap-letter{width:1em;height:1em}.elementor-widget-text-editor .elementor-drop-cap{float:left;text-align:center;line-height:1;font-size:50px}.elementor-widget-text-editor .elementor-drop-cap-letter{display:inline-block}<\/style>\t\t\t\t<p>The irruption of AI in the legal world has supposed an avalanche of content (i.e. Pen Paint Prompt) that is impossible to assimilate in such a short period of time. For this reason, we share some of our most referenced resources:<\/p>\t\t\t\t\t\t<\/div>\n\t\t\t\t<\/div>\n\t\t\t\t<div class=\"elementor-element elementor-element-4dd13e4 elementor-widget__width-initial elementor-widget elementor-widget-text-editor\" data-id=\"4dd13e4\" data-element_type=\"widget\" data-widget_type=\"text-editor.default\">\n\t\t\t\t<div class=\"elementor-widget-container\">\n\t\t\t\t\t\t\t<p><!-- wp:heading --><\/p>\n<p><!-- \/wp:heading --><\/p>\n<ul>\n<li dir=\"ltr\" aria-level=\"1\">\n<p dir=\"ltr\" role=\"presentation\"><a href=\"https:\/\/www.linkedin.com\/pulse\/generative-ai-ip-gervais-checklist-issues-daniel-gervais\/?trackingId=k%2BOM%2B%2FI8X9b7lAx7YLuCcQ%3D%3D\">Generative AI &amp; IP: Gervais&#8217; checklist of issues<\/a>. <a href=\"https:\/\/www.linkedin.com\/in\/danielgervais\/\">Daniel Gervais. Linkedin<\/a> (2023)<\/p>\n<\/li>\n<li dir=\"ltr\" aria-level=\"1\">\n<p dir=\"ltr\" role=\"presentation\"><a href=\"https:\/\/dialnet.unirioja.es\/servlet\/libro?codigo=822617\">La propiedad intelectual de las obras creadas por inteligencia artificial. <\/a><a href=\"https:\/\/dialnet.unirioja.es\/servlet\/autor?codigo=1330880\">Pablo Fern\u00e1ndez Carballo-Calero.<\/a> Thomson Reuters Aranzadi (2021).<\/p>\n<\/li>\n<li dir=\"ltr\" aria-level=\"1\">\n<p dir=\"ltr\" role=\"presentation\"><a href=\"https:\/\/copyrightblog.kluweriplaw.com\/2023\/05\/09\/generative-ai-copyright-and-the-ai-act\/\">Generative AI, Copyright and the AI Act<\/a>. <a href=\"https:\/\/copyrightblog.kluweriplaw.com\/author\/joao-pedro-quintais\/\">Jo\u00e3o Pedro Quintais.<\/a> Wolters Kluwer. (2023).<\/p>\n<\/li>\n<li dir=\"ltr\" aria-level=\"1\">\n<p dir=\"ltr\" role=\"presentation\"><a href=\"https:\/\/link.springer.com\/article\/10.1007\/s40319-021-01115-0\">Copyright and Artificial Creation: Does EU Copyright Law Protect AI-Assisted Output?<\/a> <a href=\"https:\/\/link.springer.com\/search?dc.creator=P.%20Bernt%20Hugenholtz\">P. Bernt Hugenholtz,<\/a> <a href=\"https:\/\/link.springer.com\/search?dc.creator=Jo%C3%A3o%20Pedro%20Quintais\">Jo\u00e3o Pedro Quintais.<\/a> IIC &#8211;\u00a0 International Review of Intellectual Property and Competition Law 52, 1190-1216 (2021).<\/p>\n<\/li>\n<li dir=\"ltr\" aria-level=\"1\">\n<p dir=\"ltr\" role=\"presentation\"><a href=\"https:\/\/texaslawreview.org\/fair-learning\/\">Fair Learning.<\/a> <a href=\"https:\/\/texaslawreview.org\/author\/mark-a-lemley-and-bryan-casey\/\">Mark A. Lemley, Bryan Casey.<\/a> Texas Law Review, Volume 99, Issue 4 (2021).<\/p>\n<\/li>\n<li dir=\"ltr\" aria-level=\"1\">\n<p dir=\"ltr\" role=\"presentation\"><a href=\"https:\/\/doi.org\/10.1093\/grurint\/ikac054\">A Deeper Look into the EU Text and Data Mining Exceptions: Harmonisation, Data Ownership, and the Future of Technology.<\/a> Thomas Margoni, Martin Kretschmer. GRUR International, Volume 71, Issue 8 (2022).<\/p>\n<\/li>\n<li dir=\"ltr\" aria-level=\"1\">\n<p class=\"citation__title\"><a href=\"https:\/\/doi.org\/10.1111\/jwip.12285\">Text and data mining exceptions in the development of generative AI models: What the EU member states could learn from the Japanese \u201cnonenjoyment\u201d purposes?<\/a> <span class=\"accordion-tabbed__tab-mobile accordion__closed\"><a class=\"author-name accordion-tabbed__control\" role=\"button\" href=\"https:\/\/onlinelibrary.wiley.com\/authored-by\/Dermawan\/Artha\" data-id=\"a1\" data-db-target-for=\"a1\" aria-controls=\"a1\" aria-haspopup=\"true\">Artha Dermawan <\/a><em>The Journal of World Intellectual Property (2023).<\/em><\/span><\/p>\n<\/li>\n<li dir=\"ltr\" aria-level=\"1\"><span class=\"accordion-tabbed__tab-mobile accordion__closed\"><a href=\"https:\/\/papers.ssrn.com\/sol3\/papers.cfm?abstract_id=2976428\">Artificial Intelligence and the Copyright Dilemma<\/a>. Kalin Hristov, The IP Law Review, Vol. 57, No. 3, 2017.<br \/><\/span><\/li>\n<\/ul>\n<div style=\"text-align: right;\"><i>Last Update: 10th of June 2023<\/i><\/div>\n<p><!-- \/wp:paragraph --><\/p>\n<p><!-- wp:heading --><\/p>\n<p><!-- \/wp:paragraph --><\/p>\t\t\t\t\t\t<\/div>\n\t\t\t\t<\/div>\n\t\t\t\t\t<\/div>\n\t\t<\/div>\n\t\t\t\t\t<\/div>\n\t\t<\/section>\n\t\t\t\t<\/div>","protected":false},"excerpt":{"rendered":"<p>Recursos doctrinales La irrupci\u00f3n de la IA en el mundo jur\u00eddico ha supuesto una avalancha de contenido (para muestra, un bot\u00f3n) imposible de asimilar en tan poco tiempo. Por ese motivo, compartimos algunos de nuestros recursos de referencia: Generative AI &amp; IP: Gervais&#8217; checklist of issues. Daniel Gervais. Linkedin (2023) La propiedad intelectual de las [&hellip;]<\/p>","protected":false},"author":1,"featured_media":0,"parent":0,"menu_order":0,"comment_status":"closed","ping_status":"closed","template":"","meta":{"_genesis_hide_title":true,"_genesis_hide_breadcrumbs":false,"_genesis_hide_singular_image":false,"_genesis_hide_footer_widgets":false,"_genesis_custom_body_class":"","_genesis_custom_post_class":"","_genesis_layout":"","footnotes":""},"yoast_head":"<!-- This site is optimized with the Yoast SEO plugin v20.11 - https:\/\/yoast.com\/wordpress\/plugins\/seo\/ -->\n<title>Recursos<\/title>\n<meta name=\"description\" content=\"Compartimos algunos de nuestros recursos de referencia en el \u00e1mbito de convergencia entre propiedad intelectual e IA.\" \/>\n<meta name=\"robots\" content=\"index, follow, max-snippet:-1, max-image-preview:large, max-video-preview:-1\" \/>\n<link rel=\"canonical\" href=\"https:\/\/penpaintprompt.com\/en\/recursos\/\" \/>\n<meta property=\"og:locale\" content=\"en_US\" \/>\n<meta property=\"og:type\" content=\"article\" \/>\n<meta property=\"og:title\" content=\"Recursos\" \/>\n<meta property=\"og:description\" content=\"Compartimos algunos de nuestros recursos de referencia en el \u00e1mbito de convergencia entre propiedad intelectual e IA.\" \/>\n<meta property=\"og:url\" content=\"https:\/\/penpaintprompt.com\/en\/recursos\/\" \/>\n<meta property=\"og:site_name\" content=\"Pen Paint Prompt\" \/>\n<meta property=\"article:modified_time\" content=\"2023-06-11T14:48:39+00:00\" \/>\n<meta name=\"twitter:card\" content=\"summary_large_image\" \/>\n<meta name=\"twitter:label1\" content=\"Est. reading time\" \/>\n\t<meta name=\"twitter:data1\" content=\"1 minute\" \/>\n<script type=\"application\/ld+json\" class=\"yoast-schema-graph\">{\"@context\":\"https:\/\/schema.org\",\"@graph\":[{\"@type\":\"WebPage\",\"@id\":\"https:\/\/penpaintprompt.com\/recursos\/\",\"url\":\"https:\/\/penpaintprompt.com\/recursos\/\",\"name\":\"Recursos\",\"isPartOf\":{\"@id\":\"https:\/\/penpaintprompt.com\/#website\"},\"datePublished\":\"2023-05-28T18:08:59+00:00\",\"dateModified\":\"2023-06-11T14:48:39+00:00\",\"description\":\"Compartimos algunos de nuestros recursos de referencia en el \u00e1mbito de convergencia entre propiedad intelectual e IA.\",\"breadcrumb\":{\"@id\":\"https:\/\/penpaintprompt.com\/recursos\/#breadcrumb\"},\"inLanguage\":\"en-US\",\"potentialAction\":[{\"@type\":\"ReadAction\",\"target\":[\"https:\/\/penpaintprompt.com\/recursos\/\"]}]},{\"@type\":\"BreadcrumbList\",\"@id\":\"https:\/\/penpaintprompt.com\/recursos\/#breadcrumb\",\"itemListElement\":[{\"@type\":\"ListItem\",\"position\":1,\"name\":\"Portada\",\"item\":\"https:\/\/penpaintprompt.com\/\"},{\"@type\":\"ListItem\",\"position\":2,\"name\":\"RECURSOS\"}]},{\"@type\":\"WebSite\",\"@id\":\"https:\/\/penpaintprompt.com\/#website\",\"url\":\"https:\/\/penpaintprompt.com\/\",\"name\":\"Pen Paint Prompt\",\"description\":\"\",\"publisher\":{\"@id\":\"https:\/\/penpaintprompt.com\/#organization\"},\"potentialAction\":[{\"@type\":\"SearchAction\",\"target\":{\"@type\":\"EntryPoint\",\"urlTemplate\":\"https:\/\/penpaintprompt.com\/?s={search_term_string}\"},\"query-input\":\"required name=search_term_string\"}],\"inLanguage\":\"en-US\"},{\"@type\":\"Organization\",\"@id\":\"https:\/\/penpaintprompt.com\/#organization\",\"name\":\"Pen Paint Prompt\",\"url\":\"https:\/\/penpaintprompt.com\/\",\"logo\":{\"@type\":\"ImageObject\",\"inLanguage\":\"en-US\",\"@id\":\"https:\/\/penpaintprompt.com\/#\/schema\/logo\/image\/\",\"url\":\"https:\/\/penpaintprompt.com\/wp-content\/uploads\/2023\/04\/cropped-output-onlinepngtools.png\",\"contentUrl\":\"https:\/\/penpaintprompt.com\/wp-content\/uploads\/2023\/04\/cropped-output-onlinepngtools.png\",\"width\":846,\"height\":542,\"caption\":\"Pen Paint Prompt\"},\"image\":{\"@id\":\"https:\/\/penpaintprompt.com\/#\/schema\/logo\/image\/\"}}]}<\/script>\n<!-- \/ Yoast SEO plugin. -->","yoast_head_json":{"title":"Recursos","description":"Compartimos algunos de nuestros recursos de referencia en el \u00e1mbito de convergencia entre propiedad intelectual e IA.","robots":{"index":"index","follow":"follow","max-snippet":"max-snippet:-1","max-image-preview":"max-image-preview:large","max-video-preview":"max-video-preview:-1"},"canonical":"https:\/\/penpaintprompt.com\/en\/recursos\/","og_locale":"en_US","og_type":"article","og_title":"Recursos","og_description":"Compartimos algunos de nuestros recursos de referencia en el \u00e1mbito de convergencia entre propiedad intelectual e IA.","og_url":"https:\/\/penpaintprompt.com\/en\/recursos\/","og_site_name":"Pen Paint Prompt","article_modified_time":"2023-06-11T14:48:39+00:00","twitter_card":"summary_large_image","twitter_misc":{"Est. reading time":"1 minute"},"schema":{"@context":"https:\/\/schema.org","@graph":[{"@type":"WebPage","@id":"https:\/\/penpaintprompt.com\/recursos\/","url":"https:\/\/penpaintprompt.com\/recursos\/","name":"Recursos","isPartOf":{"@id":"https:\/\/penpaintprompt.com\/#website"},"datePublished":"2023-05-28T18:08:59+00:00","dateModified":"2023-06-11T14:48:39+00:00","description":"Compartimos algunos de nuestros recursos de referencia en el \u00e1mbito de convergencia entre propiedad intelectual e IA.","breadcrumb":{"@id":"https:\/\/penpaintprompt.com\/recursos\/#breadcrumb"},"inLanguage":"en-US","potentialAction":[{"@type":"ReadAction","target":["https:\/\/penpaintprompt.com\/recursos\/"]}]},{"@type":"BreadcrumbList","@id":"https:\/\/penpaintprompt.com\/recursos\/#breadcrumb","itemListElement":[{"@type":"ListItem","position":1,"name":"Portada","item":"https:\/\/penpaintprompt.com\/"},{"@type":"ListItem","position":2,"name":"RECURSOS"}]},{"@type":"WebSite","@id":"https:\/\/penpaintprompt.com\/#website","url":"https:\/\/penpaintprompt.com\/","name":"Pen Paint Prompt","description":"","publisher":{"@id":"https:\/\/penpaintprompt.com\/#organization"},"potentialAction":[{"@type":"SearchAction","target":{"@type":"EntryPoint","urlTemplate":"https:\/\/penpaintprompt.com\/?s={search_term_string}"},"query-input":"required name=search_term_string"}],"inLanguage":"en-US"},{"@type":"Organization","@id":"https:\/\/penpaintprompt.com\/#organization","name":"Pen Paint Prompt","url":"https:\/\/penpaintprompt.com\/","logo":{"@type":"ImageObject","inLanguage":"en-US","@id":"https:\/\/penpaintprompt.com\/#\/schema\/logo\/image\/","url":"https:\/\/penpaintprompt.com\/wp-content\/uploads\/2023\/04\/cropped-output-onlinepngtools.png","contentUrl":"https:\/\/penpaintprompt.com\/wp-content\/uploads\/2023\/04\/cropped-output-onlinepngtools.png","width":846,"height":542,"caption":"Pen Paint Prompt"},"image":{"@id":"https:\/\/penpaintprompt.com\/#\/schema\/logo\/image\/"}}]}},"rttpg_featured_image_url":null,"rttpg_author":{"display_name":"Pen Paint Prompt","author_link":"https:\/\/penpaintprompt.com\/en\/author\/penpaintprompt\/"},"rttpg_comment":0,"rttpg_category":null,"rttpg_excerpt":"Recursos doctrinales La irrupci\u00f3n de la IA en el mundo jur\u00eddico ha supuesto una avalancha de contenido (para muestra, un bot\u00f3n) imposible de asimilar en tan poco tiempo. Por ese motivo, compartimos algunos de nuestros recursos de referencia: Generative AI &amp; IP: Gervais&#8217; checklist of issues. Daniel Gervais. Linkedin (2023) La propiedad intelectual de las&hellip;","_links":{"self":[{"href":"https:\/\/penpaintprompt.com\/en\/wp-json\/wp\/v2\/pages\/565"}],"collection":[{"href":"https:\/\/penpaintprompt.com\/en\/wp-json\/wp\/v2\/pages"}],"about":[{"href":"https:\/\/penpaintprompt.com\/en\/wp-json\/wp\/v2\/types\/page"}],"author":[{"embeddable":true,"href":"https:\/\/penpaintprompt.com\/en\/wp-json\/wp\/v2\/users\/1"}],"replies":[{"embeddable":true,"href":"https:\/\/penpaintprompt.com\/en\/wp-json\/wp\/v2\/comments?post=565"}],"version-history":[{"count":29,"href":"https:\/\/penpaintprompt.com\/en\/wp-json\/wp\/v2\/pages\/565\/revisions"}],"predecessor-version":[{"id":917,"href":"https:\/\/penpaintprompt.com\/en\/wp-json\/wp\/v2\/pages\/565\/revisions\/917"}],"wp:attachment":[{"href":"https:\/\/penpaintprompt.com\/en\/wp-json\/wp\/v2\/media?parent=565"}],"curies":[{"name":"wp","href":"https:\/\/api.w.org\/{rel}","templated":true}]}}