{"id":3,"date":"2023-04-09T09:56:31","date_gmt":"2023-04-09T09:56:31","guid":{"rendered":"https:\/\/penpaintprompt.com\/?page_id=3"},"modified":"2023-06-12T17:36:28","modified_gmt":"2023-06-12T17:36:28","slug":"politica-privacidad","status":"publish","type":"page","link":"https:\/\/penpaintprompt.com\/en\/politica-privacidad\/","title":{"rendered":"Privacy Policy"},"content":{"rendered":"<div data-elementor-type=\"wp-page\" data-elementor-id=\"3\" class=\"elementor elementor-3\">\n\t\t\t\t\t\t<section class=\"elementor-section elementor-top-section elementor-element elementor-element-32e47916 elementor-section-boxed elementor-section-height-default elementor-section-height-default\" data-id=\"32e47916\" data-element_type=\"section\">\n\t\t\t\t\t\t<div class=\"elementor-container elementor-column-gap-default\">\n\t\t\t\t\t<div class=\"elementor-column elementor-col-100 elementor-top-column elementor-element elementor-element-39a95c24\" data-id=\"39a95c24\" data-element_type=\"column\">\n\t\t\t<div class=\"elementor-widget-wrap elementor-element-populated\">\n\t\t\t\t\t\t<div class=\"elementor-element elementor-element-53f29765 elementor-widget elementor-widget-heading\" data-id=\"53f29765\" data-element_type=\"widget\" data-widget_type=\"heading.default\">\n\t\t\t\t<div class=\"elementor-widget-container\">\n\t\t\t<style>\/*! elementor - v3.21.0 - 18-04-2024 *\/\n.elementor-heading-title{padding:0;margin:0;line-height:1}.elementor-widget-heading .elementor-heading-title[class*=elementor-size-]>a{color:inherit;font-size:inherit;line-height:inherit}.elementor-widget-heading .elementor-heading-title.elementor-size-small{font-size:15px}.elementor-widget-heading .elementor-heading-title.elementor-size-medium{font-size:19px}.elementor-widget-heading .elementor-heading-title.elementor-size-large{font-size:29px}.elementor-widget-heading .elementor-heading-title.elementor-size-xl{font-size:39px}.elementor-widget-heading .elementor-heading-title.elementor-size-xxl{font-size:59px}<\/style><h2 class=\"elementor-heading-title elementor-size-default\">Privacy Policy<\/h2>\t\t<\/div>\n\t\t\t\t<\/div>\n\t\t\t\t<div class=\"elementor-element elementor-element-4af5f4c8 elementor-widget__width-initial elementor-widget elementor-widget-text-editor\" data-id=\"4af5f4c8\" data-element_type=\"widget\" data-widget_type=\"text-editor.default\">\n\t\t\t\t<div class=\"elementor-widget-container\">\n\t\t\t<style>\/*! elementor - v3.21.0 - 18-04-2024 *\/\n.elementor-widget-text-editor.elementor-drop-cap-view-stacked .elementor-drop-cap{background-color:#69727d;color:#fff}.elementor-widget-text-editor.elementor-drop-cap-view-framed .elementor-drop-cap{color:#69727d;border:3px solid;background-color:transparent}.elementor-widget-text-editor:not(.elementor-drop-cap-view-default) .elementor-drop-cap{margin-top:8px}.elementor-widget-text-editor:not(.elementor-drop-cap-view-default) .elementor-drop-cap-letter{width:1em;height:1em}.elementor-widget-text-editor .elementor-drop-cap{float:left;text-align:center;line-height:1;font-size:50px}.elementor-widget-text-editor .elementor-drop-cap-letter{display:inline-block}<\/style>\t\t\t\t<p><!-- wp:heading --><\/p>\n<p><!-- \/wp:heading --><\/p>\n<p>The Owners inform you about their Privacy Policy regarding the processing and protection of personal data of users that may be collected while browsing through the Website: https:\/\/penpaintprompt.com <a href=\"https:\/\/penpaintprompt.com\/en\/\">https:\/\/penpaintprompt.com<\/a><\/p>\n<p><!-- \/wp:paragraph --><!-- wp:paragraph --><\/p>\n<p>In this regard, the OWNERS guarantee compliance with current regulations on the protection of personal data, reflected in the Organic Law 3\/2018 of December 5, 2018, on the Protection of Personal Data and the Guarantee of Digital Rights (LOPD GDD), as well as compliance with Regulation (EU) 2016\/679 of the European Parliament and of the Council of 27 April 2016 on the protection of natural persons (GDPR).<\/p>\n<p><!-- \/wp:paragraph --><!-- wp:paragraph --><\/p>\n<p>The use of the Web site implies the acceptance of this Privacy Policy as well as the conditions included in the\u00a0<a href=\"https:\/\/penpaintprompt.com\/en\/aviso-legal\/\">Legal Notice.<\/a><\/p>\n<p><!-- \/wp:paragraph --><!-- wp:heading {\"fontSize\":\"large\"} --><\/p>\n<h2><strong>1. Purposes of Processing<\/strong><\/h2>\n<p><!-- \/wp:heading --><!-- wp:paragraph --><\/p>\n<p>You do not need to provide any personal information to browse the Web site.<\/p>\n<p><!-- \/wp:paragraph --><!-- wp:paragraph --><\/p>\n<p>Your data will be processed only in the event that you subscribe to our Newsletter or contact the OWNERS using the form provided for this purpose. The purpose of the treatment will be the user's consent, and the data will be kept until the user withdraws his consent or 24 months pass without interacting with the project.<\/p>\n<p><!-- \/wp:paragraph --><!-- wp:heading {\"fontSize\":\"large\"} --><\/p>\n<h2><strong>2. Rights<\/strong><\/h2>\n<p><!-- \/wp:heading --><!-- wp:paragraph --><\/p>\n<p>The OWNERS inform you that you have the right to the following rights regarding your personal data:<\/p>\n<ul>\n<li>Request access to stored data.<\/li>\n<li>Request rectification or deletion.<\/li>\n<li>Request the limitation of its processing.<\/li>\n<li>Oppose the processing.<\/li>\n<li>Request the portability of your data.<\/li>\n<\/ul>\n<p><!-- \/wp:list-item --><\/p>\n<p><!-- \/wp:list --><!-- wp:paragraph --><\/p>\n<p>The exercise of these rights is personal and therefore must be exercised directly by the data subject, requesting it directly to the OWNERS, which means that any subscriber who has provided their data at any time, may contact the OWNERS and request information about the data stored and how it was obtained, request the rectification of the same, request the portability of their personal data, oppose the processing, limit its use or request the deletion of such data in the files of the OWNERS.<\/p>\n<p><!-- \/wp:paragraph --><!-- wp:paragraph --><\/p>\n<p>To exercise your rights you have to send your request together with a photocopy of your National Identity Card or equivalent to the e-mail address:\u00a0<a href=\"e-mail: hello@penpaintprompt.com\">hello@penpaintprompt.com<\/a>.<\/p>\n<p><!-- \/wp:paragraph --><!-- wp:paragraph --><\/p>\n<p>The exercise of these rights does not include any data that the OWNERS are required to retain for administrative, legal or security purposes.<\/p>\n<p><!-- \/wp:paragraph --><!-- wp:paragraph --><\/p>\n<p>You have the right to effective judicial protection and to file a complaint before the supervisory authority, in this case, the Spanish Data Protection Agency, if you consider that the processing of personal data concerning you infringes the legislation in force.<\/p>\n<p><!-- \/wp:paragraph --><!-- wp:heading {\"fontSize\":\"large\"} --><\/p>\n<h2><strong>3. Content from other websites<\/strong><\/h2>\n<p><!-- \/wp:heading --><!-- wp:paragraph --><\/p>\n<p>The pages of this Web site may include embedded content (e.g., videos, images, articles, etc.). Embedded content from other websites, but not merely linked or reproduced content, behaves in exactly the same way as if you had visited the other website.<\/p>\n<p><!-- \/wp:paragraph --><!-- wp:paragraph --><\/p>\n<p><strong style=\"font-size: 20px;\">4. Cookie Policy<\/strong><\/p>\n<p><!-- \/wp:heading --><!-- wp:paragraph --><\/p>\n<p>Pen Paint Prompt does not use any cookies, not even of a technical nature. If you do not wish to obtain any additional information, you can check our \"<a style=\"background-color: #ffffff;\" href=\"https:\/\/penpaintprompt.com\/en\/politica-de-cookies\/\">Privacy Policy?<\/a>\".<\/p>\n<p><!-- \/wp:paragraph --><\/p>\n<p><!-- wp:heading --><\/p>\n<p><!-- \/wp:paragraph --><\/p>\t\t\t\t\t\t<\/div>\n\t\t\t\t<\/div>\n\t\t\t\t\t<\/div>\n\t\t<\/div>\n\t\t\t\t\t<\/div>\n\t\t<\/section>\n\t\t\t\t<\/div>","protected":false},"excerpt":{"rendered":"<p>Pol\u00edtica de privacidad Los Titulares le informan sobre su Pol\u00edtica de Privacidad respecto del tratamiento y protecci\u00f3n de los datos de car\u00e1cter personal de los usuarios que puedan ser recabados durante la navegaci\u00f3n a trav\u00e9s del Sitio Web: https:\/\/penpaintprompt.com En este sentido, los TITULARES garantizan el cumplimiento de la normativa vigente en materia de protecci\u00f3n [&hellip;]<\/p>","protected":false},"author":1,"featured_media":0,"parent":0,"menu_order":0,"comment_status":"closed","ping_status":"open","template":"","meta":{"_genesis_hide_title":true,"_genesis_hide_breadcrumbs":false,"_genesis_hide_singular_image":false,"_genesis_hide_footer_widgets":false,"_genesis_custom_body_class":"","_genesis_custom_post_class":"","_genesis_layout":"","footnotes":""},"yoast_head":"<!-- This site is optimized with the Yoast SEO plugin v20.11 - https:\/\/yoast.com\/wordpress\/plugins\/seo\/ -->\n<title>Pol\u00edtica de privacidad - Pen Paint Prompt<\/title>\n<meta name=\"robots\" content=\"noindex, follow\" \/>\n<meta property=\"og:locale\" content=\"en_US\" \/>\n<meta property=\"og:type\" content=\"article\" \/>\n<meta property=\"og:title\" content=\"Pol\u00edtica de privacidad - Pen Paint Prompt\" \/>\n<meta property=\"og:description\" content=\"Pol\u00edtica de privacidad Los Titulares le informan sobre su Pol\u00edtica de Privacidad respecto del tratamiento y protecci\u00f3n de los datos de car\u00e1cter personal de los usuarios que puedan ser recabados durante la navegaci\u00f3n a trav\u00e9s del Sitio Web: https:\/\/penpaintprompt.com En este sentido, los TITULARES garantizan el cumplimiento de la normativa vigente en materia de protecci\u00f3n [&hellip;]\" \/>\n<meta property=\"og:url\" content=\"https:\/\/penpaintprompt.com\/en\/politica-privacidad\/\" \/>\n<meta property=\"og:site_name\" content=\"Pen Paint Prompt\" \/>\n<meta property=\"article:modified_time\" content=\"2023-06-12T17:36:28+00:00\" \/>\n<meta name=\"twitter:card\" content=\"summary_large_image\" \/>\n<meta name=\"twitter:label1\" content=\"Est. reading time\" \/>\n\t<meta name=\"twitter:data1\" content=\"3 minutes\" \/>\n<script type=\"application\/ld+json\" class=\"yoast-schema-graph\">{\"@context\":\"https:\/\/schema.org\",\"@graph\":[{\"@type\":\"WebPage\",\"@id\":\"https:\/\/penpaintprompt.com\/politica-privacidad\/\",\"url\":\"https:\/\/penpaintprompt.com\/politica-privacidad\/\",\"name\":\"Pol\u00edtica de privacidad - Pen Paint Prompt\",\"isPartOf\":{\"@id\":\"https:\/\/penpaintprompt.com\/#website\"},\"datePublished\":\"2023-04-09T09:56:31+00:00\",\"dateModified\":\"2023-06-12T17:36:28+00:00\",\"breadcrumb\":{\"@id\":\"https:\/\/penpaintprompt.com\/politica-privacidad\/#breadcrumb\"},\"inLanguage\":\"en-US\",\"potentialAction\":[{\"@type\":\"ReadAction\",\"target\":[\"https:\/\/penpaintprompt.com\/politica-privacidad\/\"]}]},{\"@type\":\"BreadcrumbList\",\"@id\":\"https:\/\/penpaintprompt.com\/politica-privacidad\/#breadcrumb\",\"itemListElement\":[{\"@type\":\"ListItem\",\"position\":1,\"name\":\"Portada\",\"item\":\"https:\/\/penpaintprompt.com\/\"},{\"@type\":\"ListItem\",\"position\":2,\"name\":\"Pol\u00edtica de privacidad\"}]},{\"@type\":\"WebSite\",\"@id\":\"https:\/\/penpaintprompt.com\/#website\",\"url\":\"https:\/\/penpaintprompt.com\/\",\"name\":\"Pen Paint Prompt\",\"description\":\"\",\"publisher\":{\"@id\":\"https:\/\/penpaintprompt.com\/#organization\"},\"potentialAction\":[{\"@type\":\"SearchAction\",\"target\":{\"@type\":\"EntryPoint\",\"urlTemplate\":\"https:\/\/penpaintprompt.com\/?s={search_term_string}\"},\"query-input\":\"required name=search_term_string\"}],\"inLanguage\":\"en-US\"},{\"@type\":\"Organization\",\"@id\":\"https:\/\/penpaintprompt.com\/#organization\",\"name\":\"Pen Paint Prompt\",\"url\":\"https:\/\/penpaintprompt.com\/\",\"logo\":{\"@type\":\"ImageObject\",\"inLanguage\":\"en-US\",\"@id\":\"https:\/\/penpaintprompt.com\/#\/schema\/logo\/image\/\",\"url\":\"https:\/\/penpaintprompt.com\/wp-content\/uploads\/2023\/04\/cropped-output-onlinepngtools.png\",\"contentUrl\":\"https:\/\/penpaintprompt.com\/wp-content\/uploads\/2023\/04\/cropped-output-onlinepngtools.png\",\"width\":846,\"height\":542,\"caption\":\"Pen Paint Prompt\"},\"image\":{\"@id\":\"https:\/\/penpaintprompt.com\/#\/schema\/logo\/image\/\"}}]}<\/script>\n<!-- \/ Yoast SEO plugin. -->","yoast_head_json":{"title":"Pol\u00edtica de privacidad - Pen Paint Prompt","robots":{"index":"noindex","follow":"follow"},"og_locale":"en_US","og_type":"article","og_title":"Pol\u00edtica de privacidad - Pen Paint Prompt","og_description":"Pol\u00edtica de privacidad Los Titulares le informan sobre su Pol\u00edtica de Privacidad respecto del tratamiento y protecci\u00f3n de los datos de car\u00e1cter personal de los usuarios que puedan ser recabados durante la navegaci\u00f3n a trav\u00e9s del Sitio Web: https:\/\/penpaintprompt.com En este sentido, los TITULARES garantizan el cumplimiento de la normativa vigente en materia de protecci\u00f3n [&hellip;]","og_url":"https:\/\/penpaintprompt.com\/en\/politica-privacidad\/","og_site_name":"Pen Paint Prompt","article_modified_time":"2023-06-12T17:36:28+00:00","twitter_card":"summary_large_image","twitter_misc":{"Est. reading time":"3 minutes"},"schema":{"@context":"https:\/\/schema.org","@graph":[{"@type":"WebPage","@id":"https:\/\/penpaintprompt.com\/politica-privacidad\/","url":"https:\/\/penpaintprompt.com\/politica-privacidad\/","name":"Pol\u00edtica de privacidad - Pen Paint Prompt","isPartOf":{"@id":"https:\/\/penpaintprompt.com\/#website"},"datePublished":"2023-04-09T09:56:31+00:00","dateModified":"2023-06-12T17:36:28+00:00","breadcrumb":{"@id":"https:\/\/penpaintprompt.com\/politica-privacidad\/#breadcrumb"},"inLanguage":"en-US","potentialAction":[{"@type":"ReadAction","target":["https:\/\/penpaintprompt.com\/politica-privacidad\/"]}]},{"@type":"BreadcrumbList","@id":"https:\/\/penpaintprompt.com\/politica-privacidad\/#breadcrumb","itemListElement":[{"@type":"ListItem","position":1,"name":"Portada","item":"https:\/\/penpaintprompt.com\/"},{"@type":"ListItem","position":2,"name":"Pol\u00edtica de privacidad"}]},{"@type":"WebSite","@id":"https:\/\/penpaintprompt.com\/#website","url":"https:\/\/penpaintprompt.com\/","name":"Pen Paint Prompt","description":"","publisher":{"@id":"https:\/\/penpaintprompt.com\/#organization"},"potentialAction":[{"@type":"SearchAction","target":{"@type":"EntryPoint","urlTemplate":"https:\/\/penpaintprompt.com\/?s={search_term_string}"},"query-input":"required name=search_term_string"}],"inLanguage":"en-US"},{"@type":"Organization","@id":"https:\/\/penpaintprompt.com\/#organization","name":"Pen Paint Prompt","url":"https:\/\/penpaintprompt.com\/","logo":{"@type":"ImageObject","inLanguage":"en-US","@id":"https:\/\/penpaintprompt.com\/#\/schema\/logo\/image\/","url":"https:\/\/penpaintprompt.com\/wp-content\/uploads\/2023\/04\/cropped-output-onlinepngtools.png","contentUrl":"https:\/\/penpaintprompt.com\/wp-content\/uploads\/2023\/04\/cropped-output-onlinepngtools.png","width":846,"height":542,"caption":"Pen Paint Prompt"},"image":{"@id":"https:\/\/penpaintprompt.com\/#\/schema\/logo\/image\/"}}]}},"rttpg_featured_image_url":null,"rttpg_author":{"display_name":"Pen Paint Prompt","author_link":"https:\/\/penpaintprompt.com\/en\/author\/penpaintprompt\/"},"rttpg_comment":0,"rttpg_category":null,"rttpg_excerpt":"Pol\u00edtica de privacidad Los Titulares le informan sobre su Pol\u00edtica de Privacidad respecto del tratamiento y protecci\u00f3n de los datos de car\u00e1cter personal de los usuarios que puedan ser recabados durante la navegaci\u00f3n a trav\u00e9s del Sitio Web: https:\/\/penpaintprompt.com En este sentido, los TITULARES garantizan el cumplimiento de la normativa vigente en materia de protecci\u00f3n&hellip;","_links":{"self":[{"href":"https:\/\/penpaintprompt.com\/en\/wp-json\/wp\/v2\/pages\/3"}],"collection":[{"href":"https:\/\/penpaintprompt.com\/en\/wp-json\/wp\/v2\/pages"}],"about":[{"href":"https:\/\/penpaintprompt.com\/en\/wp-json\/wp\/v2\/types\/page"}],"author":[{"embeddable":true,"href":"https:\/\/penpaintprompt.com\/en\/wp-json\/wp\/v2\/users\/1"}],"replies":[{"embeddable":true,"href":"https:\/\/penpaintprompt.com\/en\/wp-json\/wp\/v2\/comments?post=3"}],"version-history":[{"count":27,"href":"https:\/\/penpaintprompt.com\/en\/wp-json\/wp\/v2\/pages\/3\/revisions"}],"predecessor-version":[{"id":1102,"href":"https:\/\/penpaintprompt.com\/en\/wp-json\/wp\/v2\/pages\/3\/revisions\/1102"}],"wp:attachment":[{"href":"https:\/\/penpaintprompt.com\/en\/wp-json\/wp\/v2\/media?parent=3"}],"curies":[{"name":"wp","href":"https:\/\/api.w.org\/{rel}","templated":true}]}}