{"id":2,"date":"2023-04-09T09:56:31","date_gmt":"2023-04-09T09:56:31","guid":{"rendered":"https:\/\/penpaintprompt.com\/?page_id=2"},"modified":"2023-07-12T21:24:52","modified_gmt":"2023-07-12T21:24:52","slug":"home","status":"publish","type":"page","link":"https:\/\/penpaintprompt.com\/en\/","title":{"rendered":"HOME"},"content":{"rendered":"<div data-elementor-type=\"wp-page\" data-elementor-id=\"2\" class=\"elementor elementor-2\">\n\t\t\t\t\t\t<section class=\"elementor-section elementor-top-section elementor-element elementor-element-914cd3c elementor-section-full_width elementor-hidden-mobile elementor-section-height-default elementor-section-height-default\" data-id=\"914cd3c\" data-element_type=\"section\">\n\t\t\t\t\t\t<div class=\"elementor-container elementor-column-gap-default\">\n\t\t\t\t\t<div class=\"elementor-column elementor-col-100 elementor-top-column elementor-element elementor-element-625bc21\" data-id=\"625bc21\" data-element_type=\"column\">\n\t\t\t<div class=\"elementor-widget-wrap elementor-element-populated\">\n\t\t\t\t\t\t<div class=\"elementor-element elementor-element-951670a elementor-widget__width-inherit animated-slow elementor-hidden-mobile elementor-invisible elementor-widget elementor-widget-image\" data-id=\"951670a\" data-element_type=\"widget\" data-settings=\"{&quot;_animation&quot;:&quot;fadeInDown&quot;}\" data-widget_type=\"image.default\">\n\t\t\t\t<div class=\"elementor-widget-container\">\n\t\t\t<style>\/*! elementor - v3.21.0 - 18-04-2024 *\/\n.elementor-widget-image{text-align:center}.elementor-widget-image a{display:inline-block}.elementor-widget-image a img[src$=\".svg\"]{width:48px}.elementor-widget-image img{vertical-align:middle;display:inline-block}<\/style>\t\t\t\t\t\t\t\t\t\t<img fetchpriority=\"high\" decoding=\"async\" width=\"2048\" height=\"978\" src=\"https:\/\/penpaintprompt.com\/wp-content\/uploads\/2023\/06\/Portada-EN-3.png\" class=\"attachment-full size-full wp-image-168\" alt=\"\" \/>\t\t\t\t\t\t\t\t\t\t\t\t\t<\/div>\n\t\t\t\t<\/div>\n\t\t\t\t\t<\/div>\n\t\t<\/div>\n\t\t\t\t\t<\/div>\n\t\t<\/section>\n\t\t\t\t<section class=\"elementor-section elementor-top-section elementor-element elementor-element-6094696 elementor-section-boxed elementor-section-height-default elementor-section-height-default\" data-id=\"6094696\" data-element_type=\"section\">\n\t\t\t\t\t\t<div class=\"elementor-container elementor-column-gap-default\">\n\t\t\t\t\t<div class=\"elementor-column elementor-col-100 elementor-top-column elementor-element elementor-element-8b60960\" data-id=\"8b60960\" data-element_type=\"column\">\n\t\t\t<div class=\"elementor-widget-wrap elementor-element-populated\">\n\t\t\t\t\t\t<div class=\"elementor-element elementor-element-8db6d37 elementor-widget elementor-widget-spacer\" data-id=\"8db6d37\" data-element_type=\"widget\" data-widget_type=\"spacer.default\">\n\t\t\t\t<div class=\"elementor-widget-container\">\n\t\t\t<style>\/*! elementor - v3.21.0 - 18-04-2024 *\/\n.elementor-column .elementor-spacer-inner{height:var(--spacer-size)}.e-con{--container-widget-width:100%}.e-con-inner>.elementor-widget-spacer,.e-con>.elementor-widget-spacer{width:var(--container-widget-width,var(--spacer-size));--align-self:var(--container-widget-align-self,initial);--flex-shrink:0}.e-con-inner>.elementor-widget-spacer>.elementor-widget-container,.e-con>.elementor-widget-spacer>.elementor-widget-container{height:100%;width:100%}.e-con-inner>.elementor-widget-spacer>.elementor-widget-container>.elementor-spacer,.e-con>.elementor-widget-spacer>.elementor-widget-container>.elementor-spacer{height:100%}.e-con-inner>.elementor-widget-spacer>.elementor-widget-container>.elementor-spacer>.elementor-spacer-inner,.e-con>.elementor-widget-spacer>.elementor-widget-container>.elementor-spacer>.elementor-spacer-inner{height:var(--container-widget-height,var(--spacer-size))}.e-con-inner>.elementor-widget-spacer.elementor-widget-empty,.e-con>.elementor-widget-spacer.elementor-widget-empty{position:relative;min-height:22px;min-width:22px}.e-con-inner>.elementor-widget-spacer.elementor-widget-empty .elementor-widget-empty-icon,.e-con>.elementor-widget-spacer.elementor-widget-empty .elementor-widget-empty-icon{position:absolute;top:0;bottom:0;left:0;right:0;margin:auto;padding:0;width:22px;height:22px}<\/style>\t\t<div class=\"elementor-spacer\">\n\t\t\t<div class=\"elementor-spacer-inner\"><\/div>\n\t\t<\/div>\n\t\t\t\t<\/div>\n\t\t\t\t<\/div>\n\t\t\t\t\t<\/div>\n\t\t<\/div>\n\t\t\t\t\t<\/div>\n\t\t<\/section>\n\t\t\t\t<section class=\"elementor-section elementor-top-section elementor-element elementor-element-85c92ab elementor-section-boxed elementor-section-height-default elementor-section-height-default\" data-id=\"85c92ab\" data-element_type=\"section\">\n\t\t\t\t\t\t<div class=\"elementor-container elementor-column-gap-default\">\n\t\t\t\t\t<div class=\"elementor-column elementor-col-100 elementor-top-column elementor-element elementor-element-9f4bd1d\" data-id=\"9f4bd1d\" data-element_type=\"column\">\n\t\t\t<div class=\"elementor-widget-wrap elementor-element-populated\">\n\t\t\t\t\t\t<div class=\"elementor-element elementor-element-366f584 elementor-widget__width-initial elementor-widget elementor-widget-heading\" data-id=\"366f584\" data-element_type=\"widget\" data-widget_type=\"heading.default\">\n\t\t\t\t<div class=\"elementor-widget-container\">\n\t\t\t<style>\/*! elementor - v3.21.0 - 18-04-2024 *\/\n.elementor-heading-title{padding:0;margin:0;line-height:1}.elementor-widget-heading .elementor-heading-title[class*=elementor-size-]>a{color:inherit;font-size:inherit;line-height:inherit}.elementor-widget-heading .elementor-heading-title.elementor-size-small{font-size:15px}.elementor-widget-heading .elementor-heading-title.elementor-size-medium{font-size:19px}.elementor-widget-heading .elementor-heading-title.elementor-size-large{font-size:29px}.elementor-widget-heading .elementor-heading-title.elementor-size-xl{font-size:39px}.elementor-widget-heading .elementor-heading-title.elementor-size-xxl{font-size:59px}<\/style><h2 class=\"elementor-heading-title elementor-size-default\">About this Project<\/h2>\t\t<\/div>\n\t\t\t\t<\/div>\n\t\t\t\t<div class=\"elementor-element elementor-element-2b4895b elementor-widget elementor-widget-spacer\" data-id=\"2b4895b\" data-element_type=\"widget\" data-widget_type=\"spacer.default\">\n\t\t\t\t<div class=\"elementor-widget-container\">\n\t\t\t\t\t<div class=\"elementor-spacer\">\n\t\t\t<div class=\"elementor-spacer-inner\"><\/div>\n\t\t<\/div>\n\t\t\t\t<\/div>\n\t\t\t\t<\/div>\n\t\t\t\t<div class=\"elementor-element elementor-element-d330d19 elementor-widget__width-initial elementor-widget elementor-widget-text-editor\" data-id=\"d330d19\" data-element_type=\"widget\" data-widget_type=\"text-editor.default\">\n\t\t\t\t<div class=\"elementor-widget-container\">\n\t\t\t<style>\/*! elementor - v3.21.0 - 18-04-2024 *\/\n.elementor-widget-text-editor.elementor-drop-cap-view-stacked .elementor-drop-cap{background-color:#69727d;color:#fff}.elementor-widget-text-editor.elementor-drop-cap-view-framed .elementor-drop-cap{color:#69727d;border:3px solid;background-color:transparent}.elementor-widget-text-editor:not(.elementor-drop-cap-view-default) .elementor-drop-cap{margin-top:8px}.elementor-widget-text-editor:not(.elementor-drop-cap-view-default) .elementor-drop-cap-letter{width:1em;height:1em}.elementor-widget-text-editor .elementor-drop-cap{float:left;text-align:center;line-height:1;font-size:50px}.elementor-widget-text-editor .elementor-drop-cap-letter{display:inline-block}<\/style>\t\t\t\t<p>Artificial Intelligence-based solutions have already begun to revolutionize the creative processes of mankind, and with that, we must ensure that the legal response is up to the task.<\/p><p>Pen Paint Prompt aims to be a space for the discussion of the legal challenges we face in the field of Intellectual Property with the irruption of Generative Artificial Intelligence.<\/p>\t\t\t\t\t\t<\/div>\n\t\t\t\t<\/div>\n\t\t\t\t<div class=\"elementor-element elementor-element-eda1202 elementor-align-center elementor-widget elementor-widget-button\" data-id=\"eda1202\" data-element_type=\"widget\" data-widget_type=\"button.default\">\n\t\t\t\t<div class=\"elementor-widget-container\">\n\t\t\t\t\t<div class=\"elementor-button-wrapper\">\n\t\t\t<a class=\"elementor-button elementor-button-link elementor-size-sm elementor-animation-shrink\" href=\"https:\/\/penpaintprompt.com\/en\/el-proyecto\/\">\n\t\t\t\t\t\t<span class=\"elementor-button-content-wrapper\">\n\t\t\t\t\t\t\t\t\t<span class=\"elementor-button-text\">See more<\/span>\n\t\t\t\t\t<\/span>\n\t\t\t\t\t<\/a>\n\t\t<\/div>\n\t\t\t\t<\/div>\n\t\t\t\t<\/div>\n\t\t\t\t\t<\/div>\n\t\t<\/div>\n\t\t\t\t\t<\/div>\n\t\t<\/section>\n\t\t\t\t<section class=\"elementor-section elementor-top-section elementor-element elementor-element-8e1de08 elementor-section-boxed elementor-section-height-default elementor-section-height-default\" data-id=\"8e1de08\" data-element_type=\"section\">\n\t\t\t\t\t\t<div class=\"elementor-container elementor-column-gap-default\">\n\t\t\t\t\t<div class=\"elementor-column elementor-col-100 elementor-top-column elementor-element elementor-element-bc2af15\" data-id=\"bc2af15\" data-element_type=\"column\">\n\t\t\t<div class=\"elementor-widget-wrap elementor-element-populated\">\n\t\t\t\t\t\t<div class=\"elementor-element elementor-element-afd3015 elementor-widget elementor-widget-spacer\" data-id=\"afd3015\" data-element_type=\"widget\" data-widget_type=\"spacer.default\">\n\t\t\t\t<div class=\"elementor-widget-container\">\n\t\t\t\t\t<div class=\"elementor-spacer\">\n\t\t\t<div class=\"elementor-spacer-inner\"><\/div>\n\t\t<\/div>\n\t\t\t\t<\/div>\n\t\t\t\t<\/div>\n\t\t\t\t\t<\/div>\n\t\t<\/div>\n\t\t\t\t\t<\/div>\n\t\t<\/section>\n\t\t\t\t<section class=\"elementor-section elementor-top-section elementor-element elementor-element-377c7f5 elementor-section-stretched elementor-section-boxed elementor-section-height-default elementor-section-height-default\" data-id=\"377c7f5\" data-element_type=\"section\" data-settings=\"{&quot;stretch_section&quot;:&quot;section-stretched&quot;,&quot;background_background&quot;:&quot;classic&quot;}\">\n\t\t\t\t\t\t<div class=\"elementor-container elementor-column-gap-default\">\n\t\t\t\t\t<div class=\"elementor-column elementor-col-100 elementor-top-column elementor-element elementor-element-c9b5c0b\" data-id=\"c9b5c0b\" data-element_type=\"column\" data-settings=\"{&quot;background_background&quot;:&quot;classic&quot;}\">\n\t\t\t<div class=\"elementor-widget-wrap elementor-element-populated\">\n\t\t\t\t\t\t<div class=\"elementor-element elementor-element-da2cbee elementor-widget__width-initial elementor-widget elementor-widget-heading\" data-id=\"da2cbee\" data-element_type=\"widget\" data-widget_type=\"heading.default\">\n\t\t\t\t<div class=\"elementor-widget-container\">\n\t\t\t<h2 class=\"elementor-heading-title elementor-size-default\">Last published entries<\/h2>\t\t<\/div>\n\t\t\t\t<\/div>\n\t\t\t\t\t<\/div>\n\t\t<\/div>\n\t\t\t\t\t<\/div>\n\t\t<\/section>\n\t\t\t\t<section class=\"elementor-section elementor-top-section elementor-element elementor-element-8fbcdf5 elementor-section-stretched elementor-section-boxed elementor-section-height-default elementor-section-height-default\" data-id=\"8fbcdf5\" data-element_type=\"section\" data-settings=\"{&quot;stretch_section&quot;:&quot;section-stretched&quot;}\">\n\t\t\t\t\t\t<div class=\"elementor-container elementor-column-gap-default\">\n\t\t\t\t\t<div class=\"elementor-column elementor-col-100 elementor-top-column elementor-element elementor-element-3024fd4\" data-id=\"3024fd4\" data-element_type=\"column\">\n\t\t\t<div class=\"elementor-widget-wrap elementor-element-populated\">\n\t\t\t\t\t\t<div class=\"elementor-element elementor-element-cbf99fc elementor-widget elementor-widget-spacer\" data-id=\"cbf99fc\" data-element_type=\"widget\" data-widget_type=\"spacer.default\">\n\t\t\t\t<div class=\"elementor-widget-container\">\n\t\t\t\t\t<div class=\"elementor-spacer\">\n\t\t\t<div class=\"elementor-spacer-inner\"><\/div>\n\t\t<\/div>\n\t\t\t\t<\/div>\n\t\t\t\t<\/div>\n\t\t\t\t\t<\/div>\n\t\t<\/div>\n\t\t\t\t\t<\/div>\n\t\t<\/section>\n\t\t\t\t<section class=\"elementor-section elementor-top-section elementor-element elementor-element-83ac52a elementor-section-full_width elementor-section-stretched elementor-section-height-default elementor-section-height-default\" data-id=\"83ac52a\" data-element_type=\"section\" data-settings=\"{&quot;stretch_section&quot;:&quot;section-stretched&quot;}\">\n\t\t\t\t\t\t<div class=\"elementor-container elementor-column-gap-default\">\n\t\t\t\t\t<div class=\"elementor-column elementor-col-100 elementor-top-column elementor-element elementor-element-934a331\" data-id=\"934a331\" data-element_type=\"column\" data-settings=\"{&quot;background_background&quot;:&quot;classic&quot;}\">\n\t\t\t<div class=\"elementor-widget-wrap elementor-element-populated\">\n\t\t\t\t\t\t<div class=\"elementor-element elementor-element-72eea81 tpg-wrapper-align-center elementor-widget__width-initial img_hover_animation_slide_to_right meta-visibility-show meta_position_default grid-hover-overlay-type-always tpg-el-box-border-enable tpg-border-bottom-disable elementor-widget elementor-widget-tpg-grid-layout\" data-id=\"72eea81\" data-element_type=\"widget\" data-widget_type=\"tpg-grid-layout.default\">\n\t\t\t\t<div class=\"elementor-widget-container\">\n\t\t\t\t\t<div class=\"rt-container-fluid rt-tpg-container tpg-el-main-wrapper clearfix grid-layout1-main\"\n\t\t\t id=\"rt-tpg-container-3641149365\"\n\t\t\t data-layout=\"grid-layout1\"\n\t\t\t data-grid-style=\"tpg-full-height\"\n\t\t\t data-sc-id=\"elementor\"\n\t\t\t data-el-settings=''\n\t\t\t data-el-query=''\n\t\t\t data-el-path=''\n\t\t>\n\n\t\t\t\t\t\t<div class='tpg-header-wrapper'>\n\t\t\t\t\t\t\t<\/div>\n\n\t\t\t<div data-title=\"Loading ...\" class=\"rt-row rt-content-loader grid-layout1 grid-behaviour tpg-full-height grid_layout_wrapper\">\n\t\t\t\t<div class=\"rt-col-md-6 rt-col-sm-6 rt-col-xs-12 slide_to_right rt-grid-item post-1204 post type-post status-publish format-standard has-post-thumbnail category-derecho-de-remuneracion-de-los-artistas category-entrenamiento-de-ia category-machine-learning category-originalidad entry\"\t\tdata-id=\"1204\">\n\t<div class=\"rt-holder tpg-post-holder\">\n\t\t<div class=\"rt-detail rt-el-content-wrapper\">\n\t\t\t\t\t\t\t<div class=\"rt-img-holder tpg-el-image-wrap has-thumbnail\">\n\t\t\t\t\t<a data-id=\"1204\" href=\"https:\/\/penpaintprompt.com\/en\/2024\/04\/23\/explorando-la-compensacion-de-los-artistas-en-la-era-de-la-ia-generativa\/\" class=\"tpg-post-link\" target=\"_self\">\t\t\t\t\t\t<img decoding=\"async\" src=\"https:\/\/penpaintprompt.com\/wp-content\/uploads\/2024\/05\/Exploring-Artistss-Compensation-in-the-Gen-AI-Era.png\"\n\t\t\t\t\t\t\t class=\"rt-img-responsive\"\n\t\t\t\t\t\t\t width=\"768\"\n\t\t\t\t\t\t\t height=\"768\"\n\t\t\t\t\t\t\t alt=\"Explorando la compensaci\u00f3n de los artistas en la era de la IA Generativa\">\n\t\t\t\t\t\t\n\t\t\t\t\t\t\t\n\t\t<\/a>\n\t\t\t\t<div class=\"overlay grid-hover-content\"><\/div>\n\t\t\t\t\t\t<\/div>\n\t\t\t\n\t\t\t\n\t\t\t\t\t\t\t<div class=\"post-meta-tags rt-el-post-meta\">\n\t\t\t\t\t\t\t\t\t<\/div>\n\t\t\t\n\n\t\t\t\n\t\t\t\t\t<\/div>\n\t<\/div>\n<\/div>\n<div class=\"rt-col-md-6 rt-col-sm-6 rt-col-xs-12 slide_to_right rt-grid-item post-1113 post type-post status-publish format-standard has-post-thumbnail category-originalidad category-prompts entry\"\t\tdata-id=\"1113\">\n\t<div class=\"rt-holder tpg-post-holder\">\n\t\t<div class=\"rt-detail rt-el-content-wrapper\">\n\t\t\t\t\t\t\t<div class=\"rt-img-holder tpg-el-image-wrap has-thumbnail\">\n\t\t\t\t\t<a data-id=\"1113\" href=\"https:\/\/penpaintprompt.com\/en\/2023\/07\/12\/puede-un-prompt-protegerse-por-derecho-de-autor\/\" class=\"tpg-post-link\" target=\"_self\">\t\t\t\t\t\t<img decoding=\"async\" src=\"https:\/\/penpaintprompt.com\/wp-content\/uploads\/2023\/07\/Can-a-prompt-be-protected-by-copyright.png\"\n\t\t\t\t\t\t\t class=\"rt-img-responsive\"\n\t\t\t\t\t\t\t width=\"768\"\n\t\t\t\t\t\t\t height=\"768\"\n\t\t\t\t\t\t\t alt=\"\u00bfPuede un prompt protegerse por derecho de autor?\">\n\t\t\t\t\t\t\n\t\t\t\t\t\t\t\n\t\t<\/a>\n\t\t\t\t<div class=\"overlay grid-hover-content\"><\/div>\n\t\t\t\t\t\t<\/div>\n\t\t\t\n\t\t\t\n\t\t\t\t\t\t\t<div class=\"post-meta-tags rt-el-post-meta\">\n\t\t\t\t\t\t\t\t\t<\/div>\n\t\t\t\n\n\t\t\t\n\t\t\t\t\t<\/div>\n\t<\/div>\n<\/div>\n\t\t\t<\/div>\n\t\t\t\n\t\t<\/div>\n\t\t\t\t<\/div>\n\t\t\t\t<\/div>\n\t\t\t\t\t<\/div>\n\t\t<\/div>\n\t\t\t\t\t<\/div>\n\t\t<\/section>\n\t\t\t\t<section class=\"elementor-section elementor-top-section elementor-element elementor-element-40131ba elementor-section-stretched elementor-section-boxed elementor-section-height-default elementor-section-height-default\" data-id=\"40131ba\" data-element_type=\"section\" data-settings=\"{&quot;stretch_section&quot;:&quot;section-stretched&quot;}\">\n\t\t\t\t\t\t<div class=\"elementor-container elementor-column-gap-default\">\n\t\t\t\t\t<div class=\"elementor-column elementor-col-100 elementor-top-column elementor-element elementor-element-d443318\" data-id=\"d443318\" data-element_type=\"column\">\n\t\t\t<div class=\"elementor-widget-wrap elementor-element-populated\">\n\t\t\t\t\t\t<div class=\"elementor-element elementor-element-cfd0da0 elementor-widget elementor-widget-spacer\" data-id=\"cfd0da0\" data-element_type=\"widget\" data-widget_type=\"spacer.default\">\n\t\t\t\t<div class=\"elementor-widget-container\">\n\t\t\t\t\t<div class=\"elementor-spacer\">\n\t\t\t<div class=\"elementor-spacer-inner\"><\/div>\n\t\t<\/div>\n\t\t\t\t<\/div>\n\t\t\t\t<\/div>\n\t\t\t\t\t<\/div>\n\t\t<\/div>\n\t\t\t\t\t<\/div>\n\t\t<\/section>\n\t\t\t\t<\/div>","protected":false},"excerpt":{"rendered":"<p>Acerca de este Proyecto Las soluciones basadas en Inteligencia Artificial ya han empezado a revolucionar los procesos creativos de la humanidad, y con ello, debemos asegurarnos de que la respuesta jur\u00eddica est\u00e9 a la altura de las circunstancias. Pen Paint Prompt pretende ser un espacio para la discusi\u00f3n de los retos jur\u00eddicos a los que [&hellip;]<\/p>","protected":false},"author":1,"featured_media":0,"parent":0,"menu_order":0,"comment_status":"closed","ping_status":"closed","template":"","meta":{"_genesis_hide_title":true,"_genesis_hide_breadcrumbs":false,"_genesis_hide_singular_image":false,"_genesis_hide_footer_widgets":false,"_genesis_custom_body_class":"","_genesis_custom_post_class":"","_genesis_layout":"","footnotes":""},"yoast_head":"<!-- This site is optimized with the Yoast SEO plugin v20.11 - https:\/\/yoast.com\/wordpress\/plugins\/seo\/ -->\n<title>Pen Paint Prompt<\/title>\n<meta name=\"description\" content=\"Wolcome to Pen Paint Prompt. The space of intersection between Artificial Intelligence and Intellectual Property.\" \/>\n<meta name=\"robots\" content=\"index, follow, max-snippet:-1, max-image-preview:large, max-video-preview:-1\" \/>\n<link rel=\"canonical\" href=\"https:\/\/penpaintprompt.com\/en\/\" \/>\n<meta property=\"og:locale\" content=\"en_US\" \/>\n<meta property=\"og:type\" content=\"article\" \/>\n<meta property=\"og:title\" content=\"Pen Paint Prompt\" \/>\n<meta property=\"og:description\" content=\"Wolcome to Pen Paint Prompt. The space of intersection between Artificial Intelligence and Intellectual Property.\" \/>\n<meta property=\"og:url\" content=\"https:\/\/penpaintprompt.com\/en\/\" \/>\n<meta property=\"og:site_name\" content=\"Pen Paint Prompt\" \/>\n<meta property=\"article:modified_time\" content=\"2023-07-12T21:24:52+00:00\" \/>\n<meta property=\"og:image\" content=\"https:\/\/penpaintprompt.com\/wp-content\/uploads\/2023\/04\/Portada-ES-3.png\" \/>\n<meta name=\"twitter:card\" content=\"summary_large_image\" \/>\n<meta name=\"twitter:label1\" content=\"Est. reading time\" \/>\n\t<meta name=\"twitter:data1\" content=\"1 minute\" \/>\n<script type=\"application\/ld+json\" class=\"yoast-schema-graph\">{\"@context\":\"https:\/\/schema.org\",\"@graph\":[{\"@type\":\"WebPage\",\"@id\":\"https:\/\/penpaintprompt.com\/\",\"url\":\"https:\/\/penpaintprompt.com\/\",\"name\":\"Pen Paint Prompt\",\"isPartOf\":{\"@id\":\"https:\/\/penpaintprompt.com\/#website\"},\"datePublished\":\"2023-04-09T09:56:31+00:00\",\"dateModified\":\"2023-07-12T21:24:52+00:00\",\"description\":\"Wolcome to Pen Paint Prompt. The space of intersection between Artificial Intelligence and Intellectual Property.\",\"breadcrumb\":{\"@id\":\"https:\/\/penpaintprompt.com\/#breadcrumb\"},\"inLanguage\":\"en-US\",\"potentialAction\":[{\"@type\":\"ReadAction\",\"target\":[\"https:\/\/penpaintprompt.com\/\"]}]},{\"@type\":\"BreadcrumbList\",\"@id\":\"https:\/\/penpaintprompt.com\/#breadcrumb\",\"itemListElement\":[{\"@type\":\"ListItem\",\"position\":1,\"name\":\"Portada\",\"item\":\"https:\/\/penpaintprompt.com\/\"},{\"@type\":\"ListItem\",\"position\":2,\"name\":\"INICIO\"}]},{\"@type\":\"WebSite\",\"@id\":\"https:\/\/penpaintprompt.com\/#website\",\"url\":\"https:\/\/penpaintprompt.com\/\",\"name\":\"Pen Paint Prompt\",\"description\":\"\",\"publisher\":{\"@id\":\"https:\/\/penpaintprompt.com\/#organization\"},\"potentialAction\":[{\"@type\":\"SearchAction\",\"target\":{\"@type\":\"EntryPoint\",\"urlTemplate\":\"https:\/\/penpaintprompt.com\/?s={search_term_string}\"},\"query-input\":\"required name=search_term_string\"}],\"inLanguage\":\"en-US\"},{\"@type\":\"Organization\",\"@id\":\"https:\/\/penpaintprompt.com\/#organization\",\"name\":\"Pen Paint Prompt\",\"url\":\"https:\/\/penpaintprompt.com\/\",\"logo\":{\"@type\":\"ImageObject\",\"inLanguage\":\"en-US\",\"@id\":\"https:\/\/penpaintprompt.com\/#\/schema\/logo\/image\/\",\"url\":\"https:\/\/penpaintprompt.com\/wp-content\/uploads\/2023\/04\/cropped-output-onlinepngtools.png\",\"contentUrl\":\"https:\/\/penpaintprompt.com\/wp-content\/uploads\/2023\/04\/cropped-output-onlinepngtools.png\",\"width\":846,\"height\":542,\"caption\":\"Pen Paint Prompt\"},\"image\":{\"@id\":\"https:\/\/penpaintprompt.com\/#\/schema\/logo\/image\/\"}}]}<\/script>\n<!-- \/ Yoast SEO plugin. -->","yoast_head_json":{"title":"Pen Paint Prompt","description":"Wolcome to Pen Paint Prompt. The space of intersection between Artificial Intelligence and Intellectual Property.","robots":{"index":"index","follow":"follow","max-snippet":"max-snippet:-1","max-image-preview":"max-image-preview:large","max-video-preview":"max-video-preview:-1"},"canonical":"https:\/\/penpaintprompt.com\/en\/","og_locale":"en_US","og_type":"article","og_title":"Pen Paint Prompt","og_description":"Wolcome to Pen Paint Prompt. The space of intersection between Artificial Intelligence and Intellectual Property.","og_url":"https:\/\/penpaintprompt.com\/en\/","og_site_name":"Pen Paint Prompt","article_modified_time":"2023-07-12T21:24:52+00:00","og_image":[{"url":"https:\/\/penpaintprompt.com\/wp-content\/uploads\/2023\/04\/Portada-ES-3.png"}],"twitter_card":"summary_large_image","twitter_misc":{"Est. reading time":"1 minute"},"schema":{"@context":"https:\/\/schema.org","@graph":[{"@type":"WebPage","@id":"https:\/\/penpaintprompt.com\/","url":"https:\/\/penpaintprompt.com\/","name":"Pen Paint Prompt","isPartOf":{"@id":"https:\/\/penpaintprompt.com\/#website"},"datePublished":"2023-04-09T09:56:31+00:00","dateModified":"2023-07-12T21:24:52+00:00","description":"Wolcome to Pen Paint Prompt. The space of intersection between Artificial Intelligence and Intellectual Property.","breadcrumb":{"@id":"https:\/\/penpaintprompt.com\/#breadcrumb"},"inLanguage":"en-US","potentialAction":[{"@type":"ReadAction","target":["https:\/\/penpaintprompt.com\/"]}]},{"@type":"BreadcrumbList","@id":"https:\/\/penpaintprompt.com\/#breadcrumb","itemListElement":[{"@type":"ListItem","position":1,"name":"Portada","item":"https:\/\/penpaintprompt.com\/"},{"@type":"ListItem","position":2,"name":"INICIO"}]},{"@type":"WebSite","@id":"https:\/\/penpaintprompt.com\/#website","url":"https:\/\/penpaintprompt.com\/","name":"Pen Paint Prompt","description":"","publisher":{"@id":"https:\/\/penpaintprompt.com\/#organization"},"potentialAction":[{"@type":"SearchAction","target":{"@type":"EntryPoint","urlTemplate":"https:\/\/penpaintprompt.com\/?s={search_term_string}"},"query-input":"required name=search_term_string"}],"inLanguage":"en-US"},{"@type":"Organization","@id":"https:\/\/penpaintprompt.com\/#organization","name":"Pen Paint Prompt","url":"https:\/\/penpaintprompt.com\/","logo":{"@type":"ImageObject","inLanguage":"en-US","@id":"https:\/\/penpaintprompt.com\/#\/schema\/logo\/image\/","url":"https:\/\/penpaintprompt.com\/wp-content\/uploads\/2023\/04\/cropped-output-onlinepngtools.png","contentUrl":"https:\/\/penpaintprompt.com\/wp-content\/uploads\/2023\/04\/cropped-output-onlinepngtools.png","width":846,"height":542,"caption":"Pen Paint Prompt"},"image":{"@id":"https:\/\/penpaintprompt.com\/#\/schema\/logo\/image\/"}}]}},"rttpg_featured_image_url":null,"rttpg_author":{"display_name":"Pen Paint Prompt","author_link":"https:\/\/penpaintprompt.com\/en\/author\/penpaintprompt\/"},"rttpg_comment":0,"rttpg_category":"","rttpg_excerpt":"Acerca de este Proyecto Las soluciones basadas en Inteligencia Artificial ya han empezado a revolucionar los procesos creativos de la humanidad, y con ello, debemos asegurarnos de que la respuesta jur\u00eddica est\u00e9 a la altura de las circunstancias. Pen Paint Prompt pretende ser un espacio para la discusi\u00f3n de los retos jur\u00eddicos a los que&hellip;","_links":{"self":[{"href":"https:\/\/penpaintprompt.com\/en\/wp-json\/wp\/v2\/pages\/2"}],"collection":[{"href":"https:\/\/penpaintprompt.com\/en\/wp-json\/wp\/v2\/pages"}],"about":[{"href":"https:\/\/penpaintprompt.com\/en\/wp-json\/wp\/v2\/types\/page"}],"author":[{"embeddable":true,"href":"https:\/\/penpaintprompt.com\/en\/wp-json\/wp\/v2\/users\/1"}],"replies":[{"embeddable":true,"href":"https:\/\/penpaintprompt.com\/en\/wp-json\/wp\/v2\/comments?post=2"}],"version-history":[{"count":291,"href":"https:\/\/penpaintprompt.com\/en\/wp-json\/wp\/v2\/pages\/2\/revisions"}],"predecessor-version":[{"id":1189,"href":"https:\/\/penpaintprompt.com\/en\/wp-json\/wp\/v2\/pages\/2\/revisions\/1189"}],"wp:attachment":[{"href":"https:\/\/penpaintprompt.com\/en\/wp-json\/wp\/v2\/media?parent=2"}],"curies":[{"name":"wp","href":"https:\/\/api.w.org\/{rel}","templated":true}]}}