{"id":11,"date":"2023-04-09T10:06:20","date_gmt":"2023-04-09T10:06:20","guid":{"rendered":"https:\/\/penpaintprompt.com\/?page_id=11"},"modified":"2023-06-11T15:43:31","modified_gmt":"2023-06-11T15:43:31","slug":"el-proyecto","status":"publish","type":"page","link":"https:\/\/penpaintprompt.com\/en\/el-proyecto\/","title":{"rendered":"THE PROJECT"},"content":{"rendered":"<div data-elementor-type=\"wp-page\" data-elementor-id=\"11\" class=\"elementor elementor-11\">\n\t\t\t\t\t\t<section class=\"elementor-section elementor-top-section elementor-element elementor-element-51172b09 elementor-section-boxed elementor-section-height-default elementor-section-height-default\" data-id=\"51172b09\" data-element_type=\"section\">\n\t\t\t\t\t\t<div class=\"elementor-container elementor-column-gap-default\">\n\t\t\t\t\t<div class=\"elementor-column elementor-col-100 elementor-top-column elementor-element elementor-element-b262e4\" data-id=\"b262e4\" data-element_type=\"column\">\n\t\t\t<div class=\"elementor-widget-wrap elementor-element-populated\">\n\t\t\t\t\t\t<div class=\"elementor-element elementor-element-8add4fa elementor-widget elementor-widget-heading\" data-id=\"8add4fa\" data-element_type=\"widget\" data-widget_type=\"heading.default\">\n\t\t\t\t<div class=\"elementor-widget-container\">\n\t\t\t<style>\/*! elementor - v3.21.0 - 18-04-2024 *\/\n.elementor-heading-title{padding:0;margin:0;line-height:1}.elementor-widget-heading .elementor-heading-title[class*=elementor-size-]>a{color:inherit;font-size:inherit;line-height:inherit}.elementor-widget-heading .elementor-heading-title.elementor-size-small{font-size:15px}.elementor-widget-heading .elementor-heading-title.elementor-size-medium{font-size:19px}.elementor-widget-heading .elementor-heading-title.elementor-size-large{font-size:29px}.elementor-widget-heading .elementor-heading-title.elementor-size-xl{font-size:39px}.elementor-widget-heading .elementor-heading-title.elementor-size-xxl{font-size:59px}<\/style><h2 class=\"elementor-heading-title elementor-size-default\">About this Project<\/h2>\t\t<\/div>\n\t\t\t\t<\/div>\n\t\t\t\t<div class=\"elementor-element elementor-element-430ead0b elementor-widget__width-initial elementor-widget elementor-widget-text-editor\" data-id=\"430ead0b\" data-element_type=\"widget\" data-widget_type=\"text-editor.default\">\n\t\t\t\t<div class=\"elementor-widget-container\">\n\t\t\t<style>\/*! elementor - v3.21.0 - 18-04-2024 *\/\n.elementor-widget-text-editor.elementor-drop-cap-view-stacked .elementor-drop-cap{background-color:#69727d;color:#fff}.elementor-widget-text-editor.elementor-drop-cap-view-framed .elementor-drop-cap{color:#69727d;border:3px solid;background-color:transparent}.elementor-widget-text-editor:not(.elementor-drop-cap-view-default) .elementor-drop-cap{margin-top:8px}.elementor-widget-text-editor:not(.elementor-drop-cap-view-default) .elementor-drop-cap-letter{width:1em;height:1em}.elementor-widget-text-editor .elementor-drop-cap{float:left;text-align:center;line-height:1;font-size:50px}.elementor-widget-text-editor .elementor-drop-cap-letter{display:inline-block}<\/style>\t\t\t\t<p><!-- wp:heading --><\/p>\n<p><!-- \/wp:heading --><\/p>\n<p>Pen Paint Prompt aims to be a space for the discussion of the legal challenges, especially in the field of Intellectual and Industrial Property, that we face with the irruption of generative Artificial Intelligence (AI).<\/p>\n<p><!-- wp:paragraph --><\/p>\n<p><!-- \/wp:paragraph --><\/p>\n<p><!-- wp:paragraph --><\/p>\n<p>The published content will address current legal issues in order to either try to photograph the current state of affairs, or to sketch with a more or less thick brush our opinion on what should be the future in the field.<\/p>\n<p><!-- \/wp:paragraph --><\/p>\n<p><!-- wp:paragraph --><\/p>\n<p>We are interested in exploring how the integration of AI into IP rights challenges principles that seemed unquestionable until very recently, and whether patches and fixes will suffice, or whether we will have to start again from the ground up to prevent the building from collapsing under its own weight.<\/p>\n<p><!-- \/wp:paragraph --><\/p>\n<p><!-- wp:paragraph --><\/p>\n<p>In short, and without (obviously) pretending to be an authority on the matter, \"caf\u00e9 para muy cafeteros\".<\/p>\n<p><!-- \/wp:paragraph --><\/p>\n<p><!-- wp:heading --><\/p>\n<p><!-- \/wp:paragraph --><\/p>\t\t\t\t\t\t<\/div>\n\t\t\t\t<\/div>\n\t\t\t\t<div class=\"elementor-element elementor-element-4b4c2b3 elementor-widget elementor-widget-image\" data-id=\"4b4c2b3\" data-element_type=\"widget\" data-widget_type=\"image.default\">\n\t\t\t\t<div class=\"elementor-widget-container\">\n\t\t\t<style>\/*! elementor - v3.21.0 - 18-04-2024 *\/\n.elementor-widget-image{text-align:center}.elementor-widget-image a{display:inline-block}.elementor-widget-image a img[src$=\".svg\"]{width:48px}.elementor-widget-image img{vertical-align:middle;display:inline-block}<\/style>\t\t\t\t\t\t\t\t\t\t<img fetchpriority=\"high\" decoding=\"async\" width=\"1024\" height=\"684\" src=\"https:\/\/penpaintprompt.com\/wp-content\/uploads\/2023\/05\/Coffee-1024x684.jpg\" class=\"attachment-large size-large wp-image-471\" alt=\"\" \/>\t\t\t\t\t\t\t\t\t\t\t\t\t<\/div>\n\t\t\t\t<\/div>\n\t\t\t\t<div class=\"elementor-element elementor-element-afbf065 elementor-widget elementor-widget-heading\" data-id=\"afbf065\" data-element_type=\"widget\" data-widget_type=\"heading.default\">\n\t\t\t\t<div class=\"elementor-widget-container\">\n\t\t\t<h2 class=\"elementor-heading-title elementor-size-default\">Why the name \"Pen Paint Prompt\"?<\/h2>\t\t<\/div>\n\t\t\t\t<\/div>\n\t\t\t\t<div class=\"elementor-element elementor-element-135d98a elementor-widget__width-initial elementor-widget elementor-widget-text-editor\" data-id=\"135d98a\" data-element_type=\"widget\" data-widget_type=\"text-editor.default\">\n\t\t\t\t<div class=\"elementor-widget-container\">\n\t\t\t\t\t\t\t<p>The name <em>Pen Paint Prompt<\/em> wants to give a hint of the editorial line of this research project: that AI is one more tool in the arsenal of the artist and the inventor.<\/p>\n<p><!-- \/wp:paragraph --><\/p>\n<p><!-- wp:paragraph --><\/p>\n<p>The economic incentive that comes with the recognition of IP rights shapes at its convenience all aspects of a capitalist society such as ours, including creation and invention. Just look at the transition from aristocratic salon music to the symphony orchestra, the latter being capable of producing the volume needed to fill a concert hall, which was what the society of a particular era demanded. Therefore, driving the development of AI while respecting the rights of all stakeholders should be one of our priorities in the short term, as the question is not whether or not AI will change our lives, but how it will do so.&nbsp;<\/p>\n<p><!-- \/wp:paragraph --><\/p>\n<p><!-- wp:paragraph --><\/p>\n<p><!-- \/wp:paragraph --><\/p>\n<p><!-- wp:paragraph --><\/p>\t\t\t\t\t\t<\/div>\n\t\t\t\t<\/div>\n\t\t\t\t<div class=\"elementor-element elementor-element-d1ffb78 elementor-widget elementor-widget-heading\" data-id=\"d1ffb78\" data-element_type=\"widget\" data-widget_type=\"heading.default\">\n\t\t\t\t<div class=\"elementor-widget-container\">\n\t\t\t<h2 class=\"elementor-heading-title elementor-size-default\">About us<\/h2>\t\t<\/div>\n\t\t\t\t<\/div>\n\t\t\t\t<div class=\"elementor-element elementor-element-a2029c6 elementor-widget__width-initial elementor-widget elementor-widget-text-editor\" data-id=\"a2029c6\" data-element_type=\"widget\" data-widget_type=\"text-editor.default\">\n\t\t\t\t<div class=\"elementor-widget-container\">\n\t\t\t\t\t\t\t<p>We are <a href=\"https:\/\/www.linkedin.com\/in\/lucas-martn-tresnchez\/\" target=\"_blank\" rel=\"noreferrer noopener\" data-type=\"URL\" data-id=\"https:\/\/www.linkedin.com\/in\/lucas-mart%C3%ADn-tres%C3%A0nchez\/\">Lucas Mart\u00edn Tres\u00e0nchez<\/a> and <a href=\"https:\/\/www.linkedin.com\/in\/ferranfarre\/\" target=\"_blank\" rel=\"noreferrer noopener\" data-type=\"URL\" data-id=\"https:\/\/www.linkedin.com\/in\/ferranfarre\/\">Ferran Farr\u00e9 de Febrer<\/a>, two colleagues who share the same interest and devotion for the challenges involved in the intersection between IP and AI. This project is the materialization of the coffees we share every Sunday morning.<\/p>\t\t\t\t\t\t<\/div>\n\t\t\t\t<\/div>\n\t\t\t\t<div class=\"elementor-element elementor-element-a7e87d9 elementor-widget elementor-widget-spacer\" data-id=\"a7e87d9\" data-element_type=\"widget\" data-widget_type=\"spacer.default\">\n\t\t\t\t<div class=\"elementor-widget-container\">\n\t\t\t<style>\/*! elementor - v3.21.0 - 18-04-2024 *\/\n.elementor-column .elementor-spacer-inner{height:var(--spacer-size)}.e-con{--container-widget-width:100%}.e-con-inner>.elementor-widget-spacer,.e-con>.elementor-widget-spacer{width:var(--container-widget-width,var(--spacer-size));--align-self:var(--container-widget-align-self,initial);--flex-shrink:0}.e-con-inner>.elementor-widget-spacer>.elementor-widget-container,.e-con>.elementor-widget-spacer>.elementor-widget-container{height:100%;width:100%}.e-con-inner>.elementor-widget-spacer>.elementor-widget-container>.elementor-spacer,.e-con>.elementor-widget-spacer>.elementor-widget-container>.elementor-spacer{height:100%}.e-con-inner>.elementor-widget-spacer>.elementor-widget-container>.elementor-spacer>.elementor-spacer-inner,.e-con>.elementor-widget-spacer>.elementor-widget-container>.elementor-spacer>.elementor-spacer-inner{height:var(--container-widget-height,var(--spacer-size))}.e-con-inner>.elementor-widget-spacer.elementor-widget-empty,.e-con>.elementor-widget-spacer.elementor-widget-empty{position:relative;min-height:22px;min-width:22px}.e-con-inner>.elementor-widget-spacer.elementor-widget-empty .elementor-widget-empty-icon,.e-con>.elementor-widget-spacer.elementor-widget-empty .elementor-widget-empty-icon{position:absolute;top:0;bottom:0;left:0;right:0;margin:auto;padding:0;width:22px;height:22px}<\/style>\t\t<div class=\"elementor-spacer\">\n\t\t\t<div class=\"elementor-spacer-inner\"><\/div>\n\t\t<\/div>\n\t\t\t\t<\/div>\n\t\t\t\t<\/div>\n\t\t\t\t<div class=\"elementor-element elementor-element-85455ac elementor-widget elementor-widget-image\" data-id=\"85455ac\" data-element_type=\"widget\" data-widget_type=\"image.default\">\n\t\t\t\t<div class=\"elementor-widget-container\">\n\t\t\t\t\t\t\t\t\t\t\t\t\t<img decoding=\"async\" width=\"1024\" height=\"704\" src=\"https:\/\/penpaintprompt.com\/wp-content\/uploads\/2023\/05\/Ferran-y-Lucas-1024x704.jpg\" class=\"attachment-large size-large wp-image-458\" alt=\"\" \/>\t\t\t\t\t\t\t\t\t\t\t\t\t<\/div>\n\t\t\t\t<\/div>\n\t\t\t\t\t<\/div>\n\t\t<\/div>\n\t\t\t\t\t<\/div>\n\t\t<\/section>\n\t\t\t\t<section class=\"elementor-section elementor-top-section elementor-element elementor-element-ea42b7d elementor-section-boxed elementor-section-height-default elementor-section-height-default\" data-id=\"ea42b7d\" data-element_type=\"section\">\n\t\t\t\t\t\t<div class=\"elementor-container elementor-column-gap-default\">\n\t\t\t\t\t<div class=\"elementor-column elementor-col-100 elementor-top-column elementor-element elementor-element-8db6391\" data-id=\"8db6391\" data-element_type=\"column\">\n\t\t\t<div class=\"elementor-widget-wrap\">\n\t\t\t\t\t\t\t<\/div>\n\t\t<\/div>\n\t\t\t\t\t<\/div>\n\t\t<\/section>\n\t\t\t\t<\/div>","protected":false},"excerpt":{"rendered":"<p>Acerca de este Proyecto Pen Paint Prompt pretende ser un espacio para la discusi\u00f3n de los retos jur\u00eddicos, especialmente en el \u00e1mbito de la Propiedad Intelectual e Industrial, a los que nos enfrentamos con la irrupci\u00f3n de la Inteligencia Artificial generativa (IA). El contenido publicado abordar\u00e1 cuestiones de actualidad jur\u00eddica para, o bien tratar de [&hellip;]<\/p>","protected":false},"author":1,"featured_media":471,"parent":0,"menu_order":0,"comment_status":"closed","ping_status":"closed","template":"","meta":{"_genesis_hide_title":true,"_genesis_hide_breadcrumbs":false,"_genesis_hide_singular_image":false,"_genesis_hide_footer_widgets":false,"_genesis_custom_body_class":"","_genesis_custom_post_class":"","_genesis_layout":"","footnotes":""},"yoast_head":"<!-- This site is optimized with the Yoast SEO plugin v20.11 - https:\/\/yoast.com\/wordpress\/plugins\/seo\/ -->\n<title>El Proyecto<\/title>\n<meta name=\"description\" content=\"Pen Paint Prompt pretende ser un espacio de discusi\u00f3n de los retos jur\u00eddicos, en materia de PI, que trae la irrupci\u00f3n de la IA.\" \/>\n<meta name=\"robots\" content=\"index, follow, max-snippet:-1, max-image-preview:large, max-video-preview:-1\" \/>\n<link rel=\"canonical\" href=\"https:\/\/penpaintprompt.com\/en\/el-proyecto\/\" \/>\n<meta property=\"og:locale\" content=\"en_US\" \/>\n<meta property=\"og:type\" content=\"article\" \/>\n<meta property=\"og:title\" content=\"El Proyecto\" \/>\n<meta property=\"og:description\" content=\"Pen Paint Prompt pretende ser un espacio de discusi\u00f3n de los retos jur\u00eddicos, en materia de PI, que trae la irrupci\u00f3n de la IA.\" \/>\n<meta property=\"og:url\" content=\"https:\/\/penpaintprompt.com\/en\/el-proyecto\/\" \/>\n<meta property=\"og:site_name\" content=\"Pen Paint Prompt\" \/>\n<meta property=\"article:modified_time\" content=\"2023-06-11T15:43:31+00:00\" \/>\n<meta property=\"og:image\" content=\"https:\/\/penpaintprompt.com\/wp-content\/uploads\/2023\/05\/Coffee-scaled.jpg\" \/>\n\t<meta property=\"og:image:width\" content=\"2560\" \/>\n\t<meta property=\"og:image:height\" content=\"1710\" \/>\n\t<meta property=\"og:image:type\" content=\"image\/jpeg\" \/>\n<meta name=\"twitter:card\" content=\"summary_large_image\" \/>\n<meta name=\"twitter:label1\" content=\"Est. reading time\" \/>\n\t<meta name=\"twitter:data1\" content=\"3 minutes\" \/>\n<script type=\"application\/ld+json\" class=\"yoast-schema-graph\">{\"@context\":\"https:\/\/schema.org\",\"@graph\":[{\"@type\":\"WebPage\",\"@id\":\"https:\/\/penpaintprompt.com\/el-proyecto\/\",\"url\":\"https:\/\/penpaintprompt.com\/el-proyecto\/\",\"name\":\"El Proyecto\",\"isPartOf\":{\"@id\":\"https:\/\/penpaintprompt.com\/#website\"},\"datePublished\":\"2023-04-09T10:06:20+00:00\",\"dateModified\":\"2023-06-11T15:43:31+00:00\",\"description\":\"Pen Paint Prompt pretende ser un espacio de discusi\u00f3n de los retos jur\u00eddicos, en materia de PI, que trae la irrupci\u00f3n de la IA.\",\"breadcrumb\":{\"@id\":\"https:\/\/penpaintprompt.com\/el-proyecto\/#breadcrumb\"},\"inLanguage\":\"en-US\",\"potentialAction\":[{\"@type\":\"ReadAction\",\"target\":[\"https:\/\/penpaintprompt.com\/el-proyecto\/\"]}]},{\"@type\":\"BreadcrumbList\",\"@id\":\"https:\/\/penpaintprompt.com\/el-proyecto\/#breadcrumb\",\"itemListElement\":[{\"@type\":\"ListItem\",\"position\":1,\"name\":\"Portada\",\"item\":\"https:\/\/penpaintprompt.com\/\"},{\"@type\":\"ListItem\",\"position\":2,\"name\":\"EL PROYECTO\"}]},{\"@type\":\"WebSite\",\"@id\":\"https:\/\/penpaintprompt.com\/#website\",\"url\":\"https:\/\/penpaintprompt.com\/\",\"name\":\"Pen Paint Prompt\",\"description\":\"\",\"publisher\":{\"@id\":\"https:\/\/penpaintprompt.com\/#organization\"},\"potentialAction\":[{\"@type\":\"SearchAction\",\"target\":{\"@type\":\"EntryPoint\",\"urlTemplate\":\"https:\/\/penpaintprompt.com\/?s={search_term_string}\"},\"query-input\":\"required name=search_term_string\"}],\"inLanguage\":\"en-US\"},{\"@type\":\"Organization\",\"@id\":\"https:\/\/penpaintprompt.com\/#organization\",\"name\":\"Pen Paint Prompt\",\"url\":\"https:\/\/penpaintprompt.com\/\",\"logo\":{\"@type\":\"ImageObject\",\"inLanguage\":\"en-US\",\"@id\":\"https:\/\/penpaintprompt.com\/#\/schema\/logo\/image\/\",\"url\":\"https:\/\/penpaintprompt.com\/wp-content\/uploads\/2023\/04\/cropped-output-onlinepngtools.png\",\"contentUrl\":\"https:\/\/penpaintprompt.com\/wp-content\/uploads\/2023\/04\/cropped-output-onlinepngtools.png\",\"width\":846,\"height\":542,\"caption\":\"Pen Paint Prompt\"},\"image\":{\"@id\":\"https:\/\/penpaintprompt.com\/#\/schema\/logo\/image\/\"}}]}<\/script>\n<!-- \/ Yoast SEO plugin. -->","yoast_head_json":{"title":"El Proyecto","description":"Pen Paint Prompt pretende ser un espacio de discusi\u00f3n de los retos jur\u00eddicos, en materia de PI, que trae la irrupci\u00f3n de la IA.","robots":{"index":"index","follow":"follow","max-snippet":"max-snippet:-1","max-image-preview":"max-image-preview:large","max-video-preview":"max-video-preview:-1"},"canonical":"https:\/\/penpaintprompt.com\/en\/el-proyecto\/","og_locale":"en_US","og_type":"article","og_title":"El Proyecto","og_description":"Pen Paint Prompt pretende ser un espacio de discusi\u00f3n de los retos jur\u00eddicos, en materia de PI, que trae la irrupci\u00f3n de la IA.","og_url":"https:\/\/penpaintprompt.com\/en\/el-proyecto\/","og_site_name":"Pen Paint Prompt","article_modified_time":"2023-06-11T15:43:31+00:00","og_image":[{"width":2560,"height":1710,"url":"https:\/\/penpaintprompt.com\/wp-content\/uploads\/2023\/05\/Coffee-scaled.jpg","type":"image\/jpeg"}],"twitter_card":"summary_large_image","twitter_misc":{"Est. reading time":"3 minutes"},"schema":{"@context":"https:\/\/schema.org","@graph":[{"@type":"WebPage","@id":"https:\/\/penpaintprompt.com\/el-proyecto\/","url":"https:\/\/penpaintprompt.com\/el-proyecto\/","name":"El Proyecto","isPartOf":{"@id":"https:\/\/penpaintprompt.com\/#website"},"datePublished":"2023-04-09T10:06:20+00:00","dateModified":"2023-06-11T15:43:31+00:00","description":"Pen Paint Prompt pretende ser un espacio de discusi\u00f3n de los retos jur\u00eddicos, en materia de PI, que trae la irrupci\u00f3n de la IA.","breadcrumb":{"@id":"https:\/\/penpaintprompt.com\/el-proyecto\/#breadcrumb"},"inLanguage":"en-US","potentialAction":[{"@type":"ReadAction","target":["https:\/\/penpaintprompt.com\/el-proyecto\/"]}]},{"@type":"BreadcrumbList","@id":"https:\/\/penpaintprompt.com\/el-proyecto\/#breadcrumb","itemListElement":[{"@type":"ListItem","position":1,"name":"Portada","item":"https:\/\/penpaintprompt.com\/"},{"@type":"ListItem","position":2,"name":"EL PROYECTO"}]},{"@type":"WebSite","@id":"https:\/\/penpaintprompt.com\/#website","url":"https:\/\/penpaintprompt.com\/","name":"Pen Paint Prompt","description":"","publisher":{"@id":"https:\/\/penpaintprompt.com\/#organization"},"potentialAction":[{"@type":"SearchAction","target":{"@type":"EntryPoint","urlTemplate":"https:\/\/penpaintprompt.com\/?s={search_term_string}"},"query-input":"required name=search_term_string"}],"inLanguage":"en-US"},{"@type":"Organization","@id":"https:\/\/penpaintprompt.com\/#organization","name":"Pen Paint Prompt","url":"https:\/\/penpaintprompt.com\/","logo":{"@type":"ImageObject","inLanguage":"en-US","@id":"https:\/\/penpaintprompt.com\/#\/schema\/logo\/image\/","url":"https:\/\/penpaintprompt.com\/wp-content\/uploads\/2023\/04\/cropped-output-onlinepngtools.png","contentUrl":"https:\/\/penpaintprompt.com\/wp-content\/uploads\/2023\/04\/cropped-output-onlinepngtools.png","width":846,"height":542,"caption":"Pen Paint Prompt"},"image":{"@id":"https:\/\/penpaintprompt.com\/#\/schema\/logo\/image\/"}}]}},"rttpg_featured_image_url":{"full":["https:\/\/penpaintprompt.com\/wp-content\/uploads\/2023\/05\/Coffee-scaled.jpg",2560,1710,false],"landscape":["https:\/\/penpaintprompt.com\/wp-content\/uploads\/2023\/05\/Coffee-scaled.jpg",2560,1710,false],"portraits":["https:\/\/penpaintprompt.com\/wp-content\/uploads\/2023\/05\/Coffee-scaled.jpg",2560,1710,false],"thumbnail":["https:\/\/penpaintprompt.com\/wp-content\/uploads\/2023\/05\/Coffee-150x150.jpg",150,150,true],"medium":["https:\/\/penpaintprompt.com\/wp-content\/uploads\/2023\/05\/Coffee-300x200.jpg",300,200,true],"large":["https:\/\/penpaintprompt.com\/wp-content\/uploads\/2023\/05\/Coffee-1024x684.jpg",1024,684,true],"1536x1536":["https:\/\/penpaintprompt.com\/wp-content\/uploads\/2023\/05\/Coffee-1536x1026.jpg",1536,1026,true],"2048x2048":["https:\/\/penpaintprompt.com\/wp-content\/uploads\/2023\/05\/Coffee-2048x1368.jpg",2048,1368,true],"trp-custom-language-flag":["https:\/\/penpaintprompt.com\/wp-content\/uploads\/2023\/05\/Coffee-18x12.jpg",18,12,true],"sidebar-featured":["https:\/\/penpaintprompt.com\/wp-content\/uploads\/2023\/05\/Coffee-75x75.jpg",75,75,true],"genesis-singular-images":["https:\/\/penpaintprompt.com\/wp-content\/uploads\/2023\/05\/Coffee-702x526.jpg",702,526,true],"mailpoet_newsletter_max":["https:\/\/penpaintprompt.com\/wp-content\/uploads\/2023\/05\/Coffee-1320x882.jpg",1320,882,true]},"rttpg_author":{"display_name":"Pen Paint Prompt","author_link":"https:\/\/penpaintprompt.com\/en\/author\/penpaintprompt\/"},"rttpg_comment":0,"rttpg_category":null,"rttpg_excerpt":"Acerca de este Proyecto Pen Paint Prompt pretende ser un espacio para la discusi\u00f3n de los retos jur\u00eddicos, especialmente en el \u00e1mbito de la Propiedad Intelectual e Industrial, a los que nos enfrentamos con la irrupci\u00f3n de la Inteligencia Artificial generativa (IA). El contenido publicado abordar\u00e1 cuestiones de actualidad jur\u00eddica para, o bien tratar de&hellip;","_links":{"self":[{"href":"https:\/\/penpaintprompt.com\/en\/wp-json\/wp\/v2\/pages\/11"}],"collection":[{"href":"https:\/\/penpaintprompt.com\/en\/wp-json\/wp\/v2\/pages"}],"about":[{"href":"https:\/\/penpaintprompt.com\/en\/wp-json\/wp\/v2\/types\/page"}],"author":[{"embeddable":true,"href":"https:\/\/penpaintprompt.com\/en\/wp-json\/wp\/v2\/users\/1"}],"replies":[{"embeddable":true,"href":"https:\/\/penpaintprompt.com\/en\/wp-json\/wp\/v2\/comments?post=11"}],"version-history":[{"count":96,"href":"https:\/\/penpaintprompt.com\/en\/wp-json\/wp\/v2\/pages\/11\/revisions"}],"predecessor-version":[{"id":1072,"href":"https:\/\/penpaintprompt.com\/en\/wp-json\/wp\/v2\/pages\/11\/revisions\/1072"}],"wp:featuredmedia":[{"embeddable":true,"href":"https:\/\/penpaintprompt.com\/en\/wp-json\/wp\/v2\/media\/471"}],"wp:attachment":[{"href":"https:\/\/penpaintprompt.com\/en\/wp-json\/wp\/v2\/media?parent=11"}],"curies":[{"name":"wp","href":"https:\/\/api.w.org\/{rel}","templated":true}]}}