{"id":103,"date":"2023-04-15T15:38:55","date_gmt":"2023-04-15T15:38:55","guid":{"rendered":"https:\/\/penpaintprompt.com\/?page_id=103"},"modified":"2023-06-12T17:33:17","modified_gmt":"2023-06-12T17:33:17","slug":"politica-de-cookies","status":"publish","type":"page","link":"https:\/\/penpaintprompt.com\/en\/politica-de-cookies\/","title":{"rendered":"Cookie Policy"},"content":{"rendered":"<div data-elementor-type=\"wp-page\" data-elementor-id=\"103\" class=\"elementor elementor-103\">\n\t\t\t\t\t\t<section class=\"elementor-section elementor-top-section elementor-element elementor-element-6e8fcbe5 elementor-section-boxed elementor-section-height-default elementor-section-height-default\" data-id=\"6e8fcbe5\" data-element_type=\"section\">\n\t\t\t\t\t\t<div class=\"elementor-container elementor-column-gap-default\">\n\t\t\t\t\t<div class=\"elementor-column elementor-col-100 elementor-top-column elementor-element elementor-element-800a326\" data-id=\"800a326\" data-element_type=\"column\">\n\t\t\t<div class=\"elementor-widget-wrap elementor-element-populated\">\n\t\t\t\t\t\t<div class=\"elementor-element elementor-element-16bdf494 elementor-widget elementor-widget-heading\" data-id=\"16bdf494\" data-element_type=\"widget\" data-widget_type=\"heading.default\">\n\t\t\t\t<div class=\"elementor-widget-container\">\n\t\t\t<style>\/*! elementor - v3.21.0 - 18-04-2024 *\/\n.elementor-heading-title{padding:0;margin:0;line-height:1}.elementor-widget-heading .elementor-heading-title[class*=elementor-size-]>a{color:inherit;font-size:inherit;line-height:inherit}.elementor-widget-heading .elementor-heading-title.elementor-size-small{font-size:15px}.elementor-widget-heading .elementor-heading-title.elementor-size-medium{font-size:19px}.elementor-widget-heading .elementor-heading-title.elementor-size-large{font-size:29px}.elementor-widget-heading .elementor-heading-title.elementor-size-xl{font-size:39px}.elementor-widget-heading .elementor-heading-title.elementor-size-xxl{font-size:59px}<\/style><h2 class=\"elementor-heading-title elementor-size-default\">\u00bfCookie Policy?<\/h2>\t\t<\/div>\n\t\t\t\t<\/div>\n\t\t\t\t<div class=\"elementor-element elementor-element-c285257 elementor-widget__width-initial elementor-widget elementor-widget-text-editor\" data-id=\"c285257\" data-element_type=\"widget\" data-widget_type=\"text-editor.default\">\n\t\t\t\t<div class=\"elementor-widget-container\">\n\t\t\t<style>\/*! elementor - v3.21.0 - 18-04-2024 *\/\n.elementor-widget-text-editor.elementor-drop-cap-view-stacked .elementor-drop-cap{background-color:#69727d;color:#fff}.elementor-widget-text-editor.elementor-drop-cap-view-framed .elementor-drop-cap{color:#69727d;border:3px solid;background-color:transparent}.elementor-widget-text-editor:not(.elementor-drop-cap-view-default) .elementor-drop-cap{margin-top:8px}.elementor-widget-text-editor:not(.elementor-drop-cap-view-default) .elementor-drop-cap-letter{width:1em;height:1em}.elementor-widget-text-editor .elementor-drop-cap{float:left;text-align:center;line-height:1;font-size:50px}.elementor-widget-text-editor .elementor-drop-cap-letter{display:inline-block}<\/style>\t\t\t\t<p><!-- wp:heading --><\/p>\n<p><!-- \/wp:heading --><\/p>\n<h2 class=\"wp-block-heading\" style=\"text-align: center;\">Cookies? What Cookies?<\/h2>\n<p><!-- \/wp:heading --><!-- wp:paragraph --><\/p>\n<p>Pen Paint Prompt does not use cookies, not even technical cookies. We're that cool.&nbsp;<\/p>\n<p><br><\/p>\n<p><br><\/p>\n<p><br><\/p>\n<p><br><\/p>\n<p><br><\/p>\n<p><br><\/p>\n<p><br><\/p>\n<p><br><\/p>\n<p><\/p>\n<p><!-- \/wp:paragraph --><\/p>\n<p><!-- wp:heading --><\/p>\n<p><!-- \/wp:paragraph --><\/p>\t\t\t\t\t\t<\/div>\n\t\t\t\t<\/div>\n\t\t\t\t\t<\/div>\n\t\t<\/div>\n\t\t\t\t\t<\/div>\n\t\t<\/section>\n\t\t\t\t<\/div>","protected":false},"excerpt":{"rendered":"<p>\u00bfPol\u00edtica de cookies? \u00bfCookies? \u00bfQu\u00e9 Cookies? Pen Paint Prompt no usa cookies, ni siquiera de car\u00e1cter t\u00e9cnico. Somos as\u00ed de chulos.&nbsp;<\/p>","protected":false},"author":1,"featured_media":0,"parent":0,"menu_order":0,"comment_status":"closed","ping_status":"closed","template":"","meta":{"_genesis_hide_title":true,"_genesis_hide_breadcrumbs":false,"_genesis_hide_singular_image":false,"_genesis_hide_footer_widgets":false,"_genesis_custom_body_class":"","_genesis_custom_post_class":"","_genesis_layout":"","footnotes":""},"yoast_head":"<!-- This site is optimized with the Yoast SEO plugin v20.11 - https:\/\/yoast.com\/wordpress\/plugins\/seo\/ -->\n<title>Pol\u00edtica de cookies - Pen Paint Prompt<\/title>\n<meta name=\"robots\" content=\"noindex, follow\" \/>\n<meta property=\"og:locale\" content=\"en_US\" \/>\n<meta property=\"og:type\" content=\"article\" \/>\n<meta property=\"og:title\" content=\"Pol\u00edtica de cookies - Pen Paint Prompt\" \/>\n<meta property=\"og:description\" content=\"\u00bfPol\u00edtica de cookies? \u00bfCookies? \u00bfQu\u00e9 Cookies? Pen Paint Prompt no usa cookies, ni siquiera de car\u00e1cter t\u00e9cnico. Somos as\u00ed de chulos.&nbsp;\" \/>\n<meta property=\"og:url\" content=\"https:\/\/penpaintprompt.com\/en\/politica-de-cookies\/\" \/>\n<meta property=\"og:site_name\" content=\"Pen Paint Prompt\" \/>\n<meta property=\"article:modified_time\" content=\"2023-06-12T17:33:17+00:00\" \/>\n<meta name=\"twitter:card\" content=\"summary_large_image\" \/>\n<meta name=\"twitter:label1\" content=\"Est. reading time\" \/>\n\t<meta name=\"twitter:data1\" content=\"1 minute\" \/>\n<script type=\"application\/ld+json\" class=\"yoast-schema-graph\">{\"@context\":\"https:\/\/schema.org\",\"@graph\":[{\"@type\":\"WebPage\",\"@id\":\"https:\/\/penpaintprompt.com\/politica-de-cookies\/\",\"url\":\"https:\/\/penpaintprompt.com\/politica-de-cookies\/\",\"name\":\"Pol\u00edtica de cookies - Pen Paint Prompt\",\"isPartOf\":{\"@id\":\"https:\/\/penpaintprompt.com\/#website\"},\"datePublished\":\"2023-04-15T15:38:55+00:00\",\"dateModified\":\"2023-06-12T17:33:17+00:00\",\"breadcrumb\":{\"@id\":\"https:\/\/penpaintprompt.com\/politica-de-cookies\/#breadcrumb\"},\"inLanguage\":\"en-US\",\"potentialAction\":[{\"@type\":\"ReadAction\",\"target\":[\"https:\/\/penpaintprompt.com\/politica-de-cookies\/\"]}]},{\"@type\":\"BreadcrumbList\",\"@id\":\"https:\/\/penpaintprompt.com\/politica-de-cookies\/#breadcrumb\",\"itemListElement\":[{\"@type\":\"ListItem\",\"position\":1,\"name\":\"Portada\",\"item\":\"https:\/\/penpaintprompt.com\/\"},{\"@type\":\"ListItem\",\"position\":2,\"name\":\"Pol\u00edtica de cookies\"}]},{\"@type\":\"WebSite\",\"@id\":\"https:\/\/penpaintprompt.com\/#website\",\"url\":\"https:\/\/penpaintprompt.com\/\",\"name\":\"Pen Paint Prompt\",\"description\":\"\",\"publisher\":{\"@id\":\"https:\/\/penpaintprompt.com\/#organization\"},\"potentialAction\":[{\"@type\":\"SearchAction\",\"target\":{\"@type\":\"EntryPoint\",\"urlTemplate\":\"https:\/\/penpaintprompt.com\/?s={search_term_string}\"},\"query-input\":\"required name=search_term_string\"}],\"inLanguage\":\"en-US\"},{\"@type\":\"Organization\",\"@id\":\"https:\/\/penpaintprompt.com\/#organization\",\"name\":\"Pen Paint Prompt\",\"url\":\"https:\/\/penpaintprompt.com\/\",\"logo\":{\"@type\":\"ImageObject\",\"inLanguage\":\"en-US\",\"@id\":\"https:\/\/penpaintprompt.com\/#\/schema\/logo\/image\/\",\"url\":\"https:\/\/penpaintprompt.com\/wp-content\/uploads\/2023\/04\/cropped-output-onlinepngtools.png\",\"contentUrl\":\"https:\/\/penpaintprompt.com\/wp-content\/uploads\/2023\/04\/cropped-output-onlinepngtools.png\",\"width\":846,\"height\":542,\"caption\":\"Pen Paint Prompt\"},\"image\":{\"@id\":\"https:\/\/penpaintprompt.com\/#\/schema\/logo\/image\/\"}}]}<\/script>\n<!-- \/ Yoast SEO plugin. -->","yoast_head_json":{"title":"Pol\u00edtica de cookies - Pen Paint Prompt","robots":{"index":"noindex","follow":"follow"},"og_locale":"en_US","og_type":"article","og_title":"Pol\u00edtica de cookies - Pen Paint Prompt","og_description":"\u00bfPol\u00edtica de cookies? \u00bfCookies? \u00bfQu\u00e9 Cookies? Pen Paint Prompt no usa cookies, ni siquiera de car\u00e1cter t\u00e9cnico. Somos as\u00ed de chulos.&nbsp;","og_url":"https:\/\/penpaintprompt.com\/en\/politica-de-cookies\/","og_site_name":"Pen Paint Prompt","article_modified_time":"2023-06-12T17:33:17+00:00","twitter_card":"summary_large_image","twitter_misc":{"Est. reading time":"1 minute"},"schema":{"@context":"https:\/\/schema.org","@graph":[{"@type":"WebPage","@id":"https:\/\/penpaintprompt.com\/politica-de-cookies\/","url":"https:\/\/penpaintprompt.com\/politica-de-cookies\/","name":"Pol\u00edtica de cookies - Pen Paint Prompt","isPartOf":{"@id":"https:\/\/penpaintprompt.com\/#website"},"datePublished":"2023-04-15T15:38:55+00:00","dateModified":"2023-06-12T17:33:17+00:00","breadcrumb":{"@id":"https:\/\/penpaintprompt.com\/politica-de-cookies\/#breadcrumb"},"inLanguage":"en-US","potentialAction":[{"@type":"ReadAction","target":["https:\/\/penpaintprompt.com\/politica-de-cookies\/"]}]},{"@type":"BreadcrumbList","@id":"https:\/\/penpaintprompt.com\/politica-de-cookies\/#breadcrumb","itemListElement":[{"@type":"ListItem","position":1,"name":"Portada","item":"https:\/\/penpaintprompt.com\/"},{"@type":"ListItem","position":2,"name":"Pol\u00edtica de cookies"}]},{"@type":"WebSite","@id":"https:\/\/penpaintprompt.com\/#website","url":"https:\/\/penpaintprompt.com\/","name":"Pen Paint Prompt","description":"","publisher":{"@id":"https:\/\/penpaintprompt.com\/#organization"},"potentialAction":[{"@type":"SearchAction","target":{"@type":"EntryPoint","urlTemplate":"https:\/\/penpaintprompt.com\/?s={search_term_string}"},"query-input":"required name=search_term_string"}],"inLanguage":"en-US"},{"@type":"Organization","@id":"https:\/\/penpaintprompt.com\/#organization","name":"Pen Paint Prompt","url":"https:\/\/penpaintprompt.com\/","logo":{"@type":"ImageObject","inLanguage":"en-US","@id":"https:\/\/penpaintprompt.com\/#\/schema\/logo\/image\/","url":"https:\/\/penpaintprompt.com\/wp-content\/uploads\/2023\/04\/cropped-output-onlinepngtools.png","contentUrl":"https:\/\/penpaintprompt.com\/wp-content\/uploads\/2023\/04\/cropped-output-onlinepngtools.png","width":846,"height":542,"caption":"Pen Paint Prompt"},"image":{"@id":"https:\/\/penpaintprompt.com\/#\/schema\/logo\/image\/"}}]}},"rttpg_featured_image_url":null,"rttpg_author":{"display_name":"Pen Paint Prompt","author_link":"https:\/\/penpaintprompt.com\/en\/author\/penpaintprompt\/"},"rttpg_comment":0,"rttpg_category":null,"rttpg_excerpt":"\u00bfPol\u00edtica de cookies? \u00bfCookies? \u00bfQu\u00e9 Cookies? Pen Paint Prompt no usa cookies, ni siquiera de car\u00e1cter t\u00e9cnico. Somos as\u00ed de chulos.&nbsp;","_links":{"self":[{"href":"https:\/\/penpaintprompt.com\/en\/wp-json\/wp\/v2\/pages\/103"}],"collection":[{"href":"https:\/\/penpaintprompt.com\/en\/wp-json\/wp\/v2\/pages"}],"about":[{"href":"https:\/\/penpaintprompt.com\/en\/wp-json\/wp\/v2\/types\/page"}],"author":[{"embeddable":true,"href":"https:\/\/penpaintprompt.com\/en\/wp-json\/wp\/v2\/users\/1"}],"replies":[{"embeddable":true,"href":"https:\/\/penpaintprompt.com\/en\/wp-json\/wp\/v2\/comments?post=103"}],"version-history":[{"count":66,"href":"https:\/\/penpaintprompt.com\/en\/wp-json\/wp\/v2\/pages\/103\/revisions"}],"predecessor-version":[{"id":1093,"href":"https:\/\/penpaintprompt.com\/en\/wp-json\/wp\/v2\/pages\/103\/revisions\/1093"}],"wp:attachment":[{"href":"https:\/\/penpaintprompt.com\/en\/wp-json\/wp\/v2\/media?parent=103"}],"curies":[{"name":"wp","href":"https:\/\/api.w.org\/{rel}","templated":true}]}}